{"id":10106,"date":"2019-05-23T22:59:30","date_gmt":"2019-05-23T20:59:30","guid":{"rendered":"https:\/\/fondafotos.com\/bolivie\/"},"modified":"2019-09-21T12:14:27","modified_gmt":"2019-09-21T10:14:27","slug":"bolivie","status":"publish","type":"page","link":"https:\/\/www.fondafotos.com\/fr\/bolivie\/","title":{"rendered":"Bolivie"},"content":{"rendered":"\t\t<div data-elementor-type=\"wp-post\" data-elementor-id=\"10106\" class=\"elementor elementor-10106 elementor-10047\">\n\t\t\t\t\t\t<section class=\"elementor-section elementor-top-section elementor-element elementor-element-c3c21c3 elementor-section-boxed elementor-section-height-default elementor-section-height-default\" data-id=\"c3c21c3\" data-element_type=\"section\" data-e-type=\"section\">\n\t\t\t\t\t\t<div class=\"elementor-container elementor-column-gap-default\">\n\t\t\t\t\t<div class=\"elementor-column elementor-col-100 elementor-top-column elementor-element elementor-element-5b85c5d\" data-id=\"5b85c5d\" data-element_type=\"column\" data-e-type=\"column\">\n\t\t\t<div class=\"elementor-widget-wrap elementor-element-populated\">\n\t\t\t\t\t\t<div class=\"elementor-element elementor-element-c21794b section-align-center section-size-default elementor-widget elementor-widget-section-heading\" data-id=\"c21794b\" data-element_type=\"widget\" data-e-type=\"widget\" data-widget_type=\"section-heading.default\">\n\t\t\t\t<div class=\"elementor-widget-container\">\n\t\t\t\t\t<div class=\"section-heading headingstyle-default\"><h2 class=\"entry-title section-title\">Bolivie<\/h2><h5 class=\"entry-sub-title section-sub-title\">D\u00e9couvrez la puna et ses paysages surr\u00e9alistes<\/h5><div class=\"section-description clearfix\"><div class=\"section-description-inner\"><p>M\u00e9moires visuelles d'une exp\u00e9dition dans le Lipez et \u00e0 Uyuni, monde enchanteur des salars, lagunes et volcans<\/p>\n<\/div><\/div><\/div>\t\t\t\t<\/div>\n\t\t\t\t<\/div>\n\t\t\t\t<div class=\"elementor-element elementor-element-b31b472 elementor-widget elementor-widget-spacer\" data-id=\"b31b472\" data-element_type=\"widget\" data-e-type=\"widget\" data-widget_type=\"spacer.default\">\n\t\t\t\t<div class=\"elementor-widget-container\">\n\t\t\t\t\t\t\t<div class=\"elementor-spacer\">\n\t\t\t<div class=\"elementor-spacer-inner\"><\/div>\n\t\t<\/div>\n\t\t\t\t\t\t<\/div>\n\t\t\t\t<\/div>\n\t\t\t\t<div class=\"elementor-element elementor-element-d319827 elementor-widget elementor-widget-portfolio-grid\" data-id=\"d319827\" data-element_type=\"widget\" data-e-type=\"widget\" data-widget_type=\"portfolio-grid.default\">\n\t\t\t\t<div class=\"elementor-widget-container\">\n\t\t\t\t\t<div class=\"portfolio-grid-container lightgallery-container portfolio-gridblock-columns-wrap\"><div id=\"gridblock-container\" class=\"portfolio-gutter-spaced    has-effect-blur grid-style-classic gridblock-three clearfix\" data-columns=\"3\"><div class=\"gridblock-element grid-animate-display-all isotope-displayed gridblock-element-id-10169 gridblock-element-order-1  gridblock-filterable filter-bolivie \" data-portfolio=\"portfolio-10169\" data-id=\"id-2\"><div class=\"gridblock-grid-element gridblock-element-inner\" data-portfolioid=\"10169\"><div class=\"gridblock-background-hover\"><a class=\"gridblock-sole-link\" href=\"https:\/\/www.fondafotos.com\/fr\/portfolios\/desert-dali\/\"><div class=\"gridblock-links-wrap box-title-\"><span class=\"column-gridblock-icon\"><span class=\"hover-icon-effect\"><i class=\"ion-ios-plus-empty\"><\/i><\/span><\/span><\/div><\/a><\/div><img decoding=\"async\" src=\"https:\/\/www.fondafotos.com\/wp-content\/themes\/kordex\/images\/placeholders\/placeholder-770x770.gif\" data-src=\"https:\/\/www.fondafotos.com\/wp-content\/uploads\/2019\/05\/dali-desert-bolivia-770x770.jpg\" alt=\"D\u00e9sert de Dali, Bolivie\" class=\"displayed-image lazyload\"\/><\/div><div class=\"work-details\"><h4><a href=\"https:\/\/www.fondafotos.com\/fr\/portfolios\/desert-dali\/\">D\u00e9sert de Dali<\/a><\/h4><p class=\"entry-content work-description\">Paysages de cette vall\u00e9e extr\u00eamement aride, juste au nord de la Laguna Blanca. Ils ressemblent \u00e0 certains tableaux surr\u00e9alistes de Salvador Dali.<\/p><\/div><\/div><div class=\"gridblock-element grid-animate-display-all isotope-displayed gridblock-element-id-10108 gridblock-element-order-2  gridblock-filterable filter-bolivie \" data-portfolio=\"portfolio-10108\" data-id=\"id-3\"><div class=\"gridblock-grid-element gridblock-element-inner\" data-portfolioid=\"10108\"><div class=\"gridblock-background-hover\"><a class=\"gridblock-sole-link\" href=\"https:\/\/www.fondafotos.com\/fr\/portfolios\/laguna-blanca\/\"><div class=\"gridblock-links-wrap box-title-\"><span class=\"column-gridblock-icon\"><span class=\"hover-icon-effect\"><i class=\"ion-ios-plus-empty\"><\/i><\/span><\/span><\/div><\/a><\/div><img decoding=\"async\" src=\"https:\/\/www.fondafotos.com\/wp-content\/themes\/kordex\/images\/placeholders\/placeholder-770x770.gif\" data-src=\"https:\/\/www.fondafotos.com\/wp-content\/uploads\/2019\/05\/laguna-blanca-bolivia-4-770x770.jpg\" alt=\"Laguna Blanca, Bolivie\" class=\"displayed-image lazyload\"\/><\/div><div class=\"work-details\"><h4><a href=\"https:\/\/www.fondafotos.com\/fr\/portfolios\/laguna-blanca\/\">Laguna Blanca<\/a><\/h4><p class=\"entry-content work-description\">Le premier lac sal\u00e9 que vous d\u00e9couvrirez en Bolivie si vous \u00eates en provenance de San Pedro de Atacama. Avec sa couleur blanche caract\u00e9ristique due aux min\u00e9raux, il offre des panoramas spectaculaires.<\/p><\/div><\/div><div class=\"gridblock-element grid-animate-display-all isotope-displayed gridblock-element-id-10377 gridblock-element-order-3  gridblock-filterable filter-bolivie \" data-portfolio=\"portfolio-10377\" data-id=\"id-4\"><div class=\"gridblock-grid-element gridblock-element-inner\" data-portfolioid=\"10377\"><div class=\"gridblock-background-hover\"><a class=\"gridblock-sole-link\" href=\"https:\/\/www.fondafotos.com\/fr\/portfolios\/ruta-de-las-joyas\/\"><div class=\"gridblock-links-wrap box-title-\"><span class=\"column-gridblock-icon\"><span class=\"hover-icon-effect\"><i class=\"ion-ios-plus-empty\"><\/i><\/span><\/span><\/div><\/a><\/div><img decoding=\"async\" src=\"https:\/\/www.fondafotos.com\/wp-content\/themes\/kordex\/images\/placeholders\/placeholder-770x770.gif\" data-src=\"https:\/\/www.fondafotos.com\/wp-content\/uploads\/2019\/05\/laguna-ramaditas-ruta-joyas-bolivia-2-770x770.jpg\" alt=\"Laguna Ramaditas, Bolivie\" class=\"displayed-image lazyload\"\/><\/div><div class=\"work-details\"><h4><a href=\"https:\/\/www.fondafotos.com\/fr\/portfolios\/ruta-de-las-joyas\/\">Ruta de las Joyas<\/a><\/h4><p class=\"entry-content work-description\">Une c\u00e9l\u00e8bre route qui relie cinq lacs sal\u00e9s \u00e0 une altitude moyenne de 4.100m : Ramaditas, Honda,  Charcota, Hedionda et enfin laguna de Ca\u00f1apa.<\/p><\/div><\/div><div class=\"gridblock-element grid-animate-display-all isotope-displayed gridblock-element-id-10305 gridblock-element-order-4  gridblock-filterable filter-bolivie \" data-portfolio=\"portfolio-10305\" data-id=\"id-5\"><div class=\"gridblock-grid-element gridblock-element-inner\" data-portfolioid=\"10305\"><div class=\"gridblock-background-hover\"><a class=\"gridblock-sole-link\" href=\"https:\/\/www.fondafotos.com\/fr\/portfolios\/laguna-colorada\/\"><div class=\"gridblock-links-wrap box-title-\"><span class=\"column-gridblock-icon\"><span class=\"hover-icon-effect\"><i class=\"ion-ios-plus-empty\"><\/i><\/span><\/span><\/div><\/a><\/div><img decoding=\"async\" src=\"https:\/\/www.fondafotos.com\/wp-content\/themes\/kordex\/images\/placeholders\/placeholder-770x770.gif\" data-src=\"https:\/\/www.fondafotos.com\/wp-content\/uploads\/2019\/05\/laguna-colorada-bolivia-2-770x770.jpg\" alt=\"Laguna Colorada, Bolivie\" class=\"displayed-image lazyload\"\/><\/div><div class=\"work-details\"><h4><a href=\"https:\/\/www.fondafotos.com\/fr\/portfolios\/laguna-colorada\/\">Laguna Colorada<\/a><\/h4><p class=\"entry-content work-description\">La lagune la plus color\u00e9e de Bolivie, avec ses colonies de flamants, photographi\u00e9e au coucher du soleil et au lever du jour. Exceptionnel !<\/p><\/div><\/div><div class=\"gridblock-element grid-animate-display-all isotope-displayed gridblock-element-id-10509 gridblock-element-order-5  gridblock-filterable filter-bolivie \" data-portfolio=\"portfolio-10509\" data-id=\"id-6\"><div class=\"gridblock-grid-element gridblock-element-inner\" data-portfolioid=\"10509\"><div class=\"gridblock-background-hover\"><a class=\"gridblock-sole-link\" href=\"https:\/\/www.fondafotos.com\/fr\/portfolios\/salar-de-uyuni\/\"><div class=\"gridblock-links-wrap box-title-\"><span class=\"column-gridblock-icon\"><span class=\"hover-icon-effect\"><i class=\"ion-ios-plus-empty\"><\/i><\/span><\/span><\/div><\/a><\/div><img decoding=\"async\" src=\"https:\/\/www.fondafotos.com\/wp-content\/themes\/kordex\/images\/placeholders\/placeholder-770x770.gif\" data-src=\"https:\/\/www.fondafotos.com\/wp-content\/uploads\/2019\/05\/sunrise-salar-uyuni-bolivia-slider-2-770x770.jpg\" alt=\"Lever de soleil, Salar de Uyuni, Bolivie\" class=\"displayed-image lazyload\"\/><\/div><div class=\"work-details\"><h4><a href=\"https:\/\/www.fondafotos.com\/fr\/portfolios\/salar-de-uyuni\/\">Salar de Uyuni<\/a><\/h4><p class=\"entry-content work-description\">Plus grand lac sal\u00e9 au monde, avec ses \u00eeles recouvertes de cactus g\u00e9ants, le volcan Tunupa ... Admirez ces paysages uniques et incroyables !<\/p><\/div><\/div><div class=\"gridblock-element grid-animate-display-all isotope-displayed gridblock-element-id-10627 gridblock-element-order-6  gridblock-filterable filter-bolivie \" data-portfolio=\"portfolio-10627\" data-id=\"id-7\"><div class=\"gridblock-grid-element gridblock-element-inner\" data-portfolioid=\"10627\"><div class=\"gridblock-background-hover\"><a class=\"gridblock-sole-link\" href=\"https:\/\/www.fondafotos.com\/fr\/portfolios\/salar-de-coipasa\/\"><div class=\"gridblock-links-wrap box-title-\"><span class=\"column-gridblock-icon\"><span class=\"hover-icon-effect\"><i class=\"ion-ios-plus-empty\"><\/i><\/span><\/span><\/div><\/a><\/div><img decoding=\"async\" src=\"https:\/\/www.fondafotos.com\/wp-content\/themes\/kordex\/images\/placeholders\/placeholder-770x770.gif\" data-src=\"https:\/\/www.fondafotos.com\/wp-content\/uploads\/2019\/06\/salar-coipasa-pond-bolivia-770x770.jpg\" alt=\"Salar de Coipasa, Bolivie\" class=\"displayed-image lazyload\"\/><\/div><div class=\"work-details\"><h4><a href=\"https:\/\/www.fondafotos.com\/fr\/portfolios\/salar-de-coipasa\/\">Salar de Coipasa<\/a><\/h4><p class=\"entry-content work-description\">Paysages du second plus grand lac sal\u00e9 de Bolivie.  Blanc immacul\u00e9, \u00eeles en suspension, attention aux mirages !<\/p><\/div><\/div><\/div><\/div>\t\t\t\t<\/div>\n\t\t\t\t<\/div>\n\t\t\t\t\t<\/div>\n\t\t<\/div>\n\t\t\t\t\t<\/div>\n\t\t<\/section>\n\t\t\t\t<\/div>\n\t\t","protected":false},"excerpt":{"rendered":"<p>Bolivie D\u00e9couvrez la puna et ses paysages surr\u00e9alistes M\u00e9moires visuelles d&rsquo;une exp\u00e9dition dans le Lipez et \u00e0 Uyuni, monde enchanteur des salars, lagunes et volcans Laguna Blanca The first salt lake you will discover in Bolivia coming from San Pedro de Atacama. With its characteristic white color due to minerals, it is the stage for amazing vistas. Dali Desert Landscapes from this extremely barren valley, just north of Laguna Blanca. They resemble surrealist paintings by Salvador Dali. Laguna Colorada The [&hellip;]<\/p>\n","protected":false},"author":3,"featured_media":10484,"parent":0,"menu_order":0,"comment_status":"closed","ping_status":"closed","template":"","meta":{"footnotes":""},"class_list":["post-10106","page","type-page","status-publish","has-post-thumbnail","hentry"],"yoast_head":"<!-- This site is optimized with the Yoast SEO plugin v27.4 - https:\/\/yoast.com\/product\/yoast-seo-wordpress\/ -->\n<title>Bolivie - FondaFotos<\/title>\n<meta name=\"description\" content=\"M\u00e9moires visuelles d&#039;une exp\u00e9dition dans le Lipez et \u00e0 Uyuni, r\u00e9gions de la Bolivie andine, monde enchanteur des salars, lagunes et volcans.\" \/>\n<meta name=\"robots\" content=\"index, follow, max-snippet:-1, max-image-preview:large, max-video-preview:-1\" \/>\n<link rel=\"canonical\" href=\"https:\/\/www.fondafotos.com\/fr\/bolivie\/\" \/>\n<meta property=\"og:locale\" content=\"fr_FR\" \/>\n<meta property=\"og:type\" content=\"article\" \/>\n<meta property=\"og:title\" content=\"Bolivie - FondaFotos\" \/>\n<meta property=\"og:description\" content=\"M\u00e9moires visuelles d&#039;une exp\u00e9dition dans le Lipez et \u00e0 Uyuni, r\u00e9gions de la Bolivie andine, monde enchanteur des salars, lagunes et volcans.\" \/>\n<meta property=\"og:url\" content=\"https:\/\/www.fondafotos.com\/fr\/bolivie\/\" \/>\n<meta property=\"og:site_name\" content=\"FondaFotos\" \/>\n<meta property=\"article:modified_time\" content=\"2019-09-21T10:14:27+00:00\" \/>\n<meta property=\"og:image\" content=\"https:\/\/www.fondafotos.com\/wp-content\/uploads\/2019\/05\/tunupa-volcano-golden-light-bolivia.jpg\" \/>\n\t<meta property=\"og:image:width\" content=\"1500\" \/>\n\t<meta property=\"og:image:height\" content=\"1000\" \/>\n\t<meta property=\"og:image:type\" content=\"image\/jpeg\" \/>\n<meta name=\"twitter:card\" content=\"summary_large_image\" \/>\n<meta name=\"twitter:label1\" content=\"Dur\u00e9e de lecture estim\u00e9e\" \/>\n\t<meta name=\"twitter:data1\" content=\"1 minute\" \/>\n<script type=\"application\/ld+json\" class=\"yoast-schema-graph\">{\"@context\":\"https:\\\/\\\/schema.org\",\"@graph\":[{\"@type\":\"WebPage\",\"@id\":\"https:\\\/\\\/www.fondafotos.com\\\/fr\\\/bolivie\\\/\",\"url\":\"https:\\\/\\\/www.fondafotos.com\\\/fr\\\/bolivie\\\/\",\"name\":\"Bolivie - FondaFotos\",\"isPartOf\":{\"@id\":\"https:\\\/\\\/www.fondafotos.com\\\/fr\\\/?lang=fr\\\/#website\"},\"primaryImageOfPage\":{\"@id\":\"https:\\\/\\\/www.fondafotos.com\\\/fr\\\/bolivie\\\/#primaryimage\"},\"image\":{\"@id\":\"https:\\\/\\\/www.fondafotos.com\\\/fr\\\/bolivie\\\/#primaryimage\"},\"thumbnailUrl\":\"https:\\\/\\\/www.fondafotos.com\\\/wp-content\\\/uploads\\\/2019\\\/05\\\/tunupa-volcano-golden-light-bolivia.jpg\",\"datePublished\":\"2019-05-23T20:59:30+00:00\",\"dateModified\":\"2019-09-21T10:14:27+00:00\",\"description\":\"M\u00e9moires visuelles d'une exp\u00e9dition dans le Lipez et \u00e0 Uyuni, r\u00e9gions de la Bolivie andine, monde enchanteur des salars, lagunes et volcans.\",\"breadcrumb\":{\"@id\":\"https:\\\/\\\/www.fondafotos.com\\\/fr\\\/bolivie\\\/#breadcrumb\"},\"inLanguage\":\"fr-FR\",\"potentialAction\":[{\"@type\":\"ReadAction\",\"target\":[\"https:\\\/\\\/www.fondafotos.com\\\/fr\\\/bolivie\\\/\"]}]},{\"@type\":\"ImageObject\",\"inLanguage\":\"fr-FR\",\"@id\":\"https:\\\/\\\/www.fondafotos.com\\\/fr\\\/bolivie\\\/#primaryimage\",\"url\":\"https:\\\/\\\/www.fondafotos.com\\\/wp-content\\\/uploads\\\/2019\\\/05\\\/tunupa-volcano-golden-light-bolivia.jpg\",\"contentUrl\":\"https:\\\/\\\/www.fondafotos.com\\\/wp-content\\\/uploads\\\/2019\\\/05\\\/tunupa-volcano-golden-light-bolivia.jpg\",\"width\":1500,\"height\":1000,\"caption\":\"Volcan Tunupa, Salar de Uyuni, Bolivie\"},{\"@type\":\"BreadcrumbList\",\"@id\":\"https:\\\/\\\/www.fondafotos.com\\\/fr\\\/bolivie\\\/#breadcrumb\",\"itemListElement\":[{\"@type\":\"ListItem\",\"position\":1,\"name\":\"Home\",\"item\":\"https:\\\/\\\/www.fondafotos.com\\\/fr\\\/?lang=fr\"},{\"@type\":\"ListItem\",\"position\":2,\"name\":\"Bolivie\"}]},{\"@type\":\"WebSite\",\"@id\":\"https:\\\/\\\/www.fondafotos.com\\\/fr\\\/?lang=fr\\\/#website\",\"url\":\"https:\\\/\\\/www.fondafotos.com\\\/fr\\\/?lang=fr\\\/\",\"name\":\"FondaFotos\",\"description\":\"Voyager c&#039;est apprendre, photographier c&#039;est raconter\",\"publisher\":{\"@id\":\"https:\\\/\\\/www.fondafotos.com\\\/fr\\\/?lang=fr\\\/#\\\/schema\\\/person\\\/6cc6e79d39ed8bca6139daa4717e2f98\"},\"potentialAction\":[{\"@type\":\"SearchAction\",\"target\":{\"@type\":\"EntryPoint\",\"urlTemplate\":\"https:\\\/\\\/www.fondafotos.com\\\/fr\\\/?lang=fr\\\/?s={search_term_string}\"},\"query-input\":{\"@type\":\"PropertyValueSpecification\",\"valueRequired\":true,\"valueName\":\"search_term_string\"}}],\"inLanguage\":\"fr-FR\"},{\"@type\":[\"Person\",\"Organization\"],\"@id\":\"https:\\\/\\\/www.fondafotos.com\\\/fr\\\/?lang=fr\\\/#\\\/schema\\\/person\\\/6cc6e79d39ed8bca6139daa4717e2f98\",\"name\":\"Fonda61\",\"image\":{\"@type\":\"ImageObject\",\"inLanguage\":\"fr-FR\",\"@id\":\"https:\\\/\\\/secure.gravatar.com\\\/avatar\\\/943d04124829b79fd000e726d321b8797cae73d3e358b3b48ae11c554415174d?s=96&d=mm&r=g\",\"url\":\"https:\\\/\\\/secure.gravatar.com\\\/avatar\\\/943d04124829b79fd000e726d321b8797cae73d3e358b3b48ae11c554415174d?s=96&d=mm&r=g\",\"contentUrl\":\"https:\\\/\\\/secure.gravatar.com\\\/avatar\\\/943d04124829b79fd000e726d321b8797cae73d3e358b3b48ae11c554415174d?s=96&d=mm&r=g\",\"caption\":\"Fonda61\"},\"logo\":{\"@id\":\"https:\\\/\\\/secure.gravatar.com\\\/avatar\\\/943d04124829b79fd000e726d321b8797cae73d3e358b3b48ae11c554415174d?s=96&d=mm&r=g\"}}]}<\/script>\n<!-- \/ Yoast SEO plugin. -->","yoast_head_json":{"title":"Bolivie - FondaFotos","description":"M\u00e9moires visuelles d'une exp\u00e9dition dans le Lipez et \u00e0 Uyuni, r\u00e9gions de la Bolivie andine, monde enchanteur des salars, lagunes et volcans.","robots":{"index":"index","follow":"follow","max-snippet":"max-snippet:-1","max-image-preview":"max-image-preview:large","max-video-preview":"max-video-preview:-1"},"canonical":"https:\/\/www.fondafotos.com\/fr\/bolivie\/","og_locale":"fr_FR","og_type":"article","og_title":"Bolivie - FondaFotos","og_description":"M\u00e9moires visuelles d'une exp\u00e9dition dans le Lipez et \u00e0 Uyuni, r\u00e9gions de la Bolivie andine, monde enchanteur des salars, lagunes et volcans.","og_url":"https:\/\/www.fondafotos.com\/fr\/bolivie\/","og_site_name":"FondaFotos","article_modified_time":"2019-09-21T10:14:27+00:00","og_image":[{"width":1500,"height":1000,"url":"https:\/\/www.fondafotos.com\/wp-content\/uploads\/2019\/05\/tunupa-volcano-golden-light-bolivia.jpg","type":"image\/jpeg"}],"twitter_card":"summary_large_image","twitter_misc":{"Dur\u00e9e de lecture estim\u00e9e":"1 minute"},"schema":{"@context":"https:\/\/schema.org","@graph":[{"@type":"WebPage","@id":"https:\/\/www.fondafotos.com\/fr\/bolivie\/","url":"https:\/\/www.fondafotos.com\/fr\/bolivie\/","name":"Bolivie - FondaFotos","isPartOf":{"@id":"https:\/\/www.fondafotos.com\/fr\/?lang=fr\/#website"},"primaryImageOfPage":{"@id":"https:\/\/www.fondafotos.com\/fr\/bolivie\/#primaryimage"},"image":{"@id":"https:\/\/www.fondafotos.com\/fr\/bolivie\/#primaryimage"},"thumbnailUrl":"https:\/\/www.fondafotos.com\/wp-content\/uploads\/2019\/05\/tunupa-volcano-golden-light-bolivia.jpg","datePublished":"2019-05-23T20:59:30+00:00","dateModified":"2019-09-21T10:14:27+00:00","description":"M\u00e9moires visuelles d'une exp\u00e9dition dans le Lipez et \u00e0 Uyuni, r\u00e9gions de la Bolivie andine, monde enchanteur des salars, lagunes et volcans.","breadcrumb":{"@id":"https:\/\/www.fondafotos.com\/fr\/bolivie\/#breadcrumb"},"inLanguage":"fr-FR","potentialAction":[{"@type":"ReadAction","target":["https:\/\/www.fondafotos.com\/fr\/bolivie\/"]}]},{"@type":"ImageObject","inLanguage":"fr-FR","@id":"https:\/\/www.fondafotos.com\/fr\/bolivie\/#primaryimage","url":"https:\/\/www.fondafotos.com\/wp-content\/uploads\/2019\/05\/tunupa-volcano-golden-light-bolivia.jpg","contentUrl":"https:\/\/www.fondafotos.com\/wp-content\/uploads\/2019\/05\/tunupa-volcano-golden-light-bolivia.jpg","width":1500,"height":1000,"caption":"Volcan Tunupa, Salar de Uyuni, Bolivie"},{"@type":"BreadcrumbList","@id":"https:\/\/www.fondafotos.com\/fr\/bolivie\/#breadcrumb","itemListElement":[{"@type":"ListItem","position":1,"name":"Home","item":"https:\/\/www.fondafotos.com\/fr\/?lang=fr"},{"@type":"ListItem","position":2,"name":"Bolivie"}]},{"@type":"WebSite","@id":"https:\/\/www.fondafotos.com\/fr\/?lang=fr\/#website","url":"https:\/\/www.fondafotos.com\/fr\/?lang=fr\/","name":"FondaFotos","description":"Voyager c&#039;est apprendre, photographier c&#039;est raconter","publisher":{"@id":"https:\/\/www.fondafotos.com\/fr\/?lang=fr\/#\/schema\/person\/6cc6e79d39ed8bca6139daa4717e2f98"},"potentialAction":[{"@type":"SearchAction","target":{"@type":"EntryPoint","urlTemplate":"https:\/\/www.fondafotos.com\/fr\/?lang=fr\/?s={search_term_string}"},"query-input":{"@type":"PropertyValueSpecification","valueRequired":true,"valueName":"search_term_string"}}],"inLanguage":"fr-FR"},{"@type":["Person","Organization"],"@id":"https:\/\/www.fondafotos.com\/fr\/?lang=fr\/#\/schema\/person\/6cc6e79d39ed8bca6139daa4717e2f98","name":"Fonda61","image":{"@type":"ImageObject","inLanguage":"fr-FR","@id":"https:\/\/secure.gravatar.com\/avatar\/943d04124829b79fd000e726d321b8797cae73d3e358b3b48ae11c554415174d?s=96&d=mm&r=g","url":"https:\/\/secure.gravatar.com\/avatar\/943d04124829b79fd000e726d321b8797cae73d3e358b3b48ae11c554415174d?s=96&d=mm&r=g","contentUrl":"https:\/\/secure.gravatar.com\/avatar\/943d04124829b79fd000e726d321b8797cae73d3e358b3b48ae11c554415174d?s=96&d=mm&r=g","caption":"Fonda61"},"logo":{"@id":"https:\/\/secure.gravatar.com\/avatar\/943d04124829b79fd000e726d321b8797cae73d3e358b3b48ae11c554415174d?s=96&d=mm&r=g"}}]}},"jetpack_sharing_enabled":true,"_links":{"self":[{"href":"https:\/\/www.fondafotos.com\/fr\/wp-json\/wp\/v2\/pages\/10106","targetHints":{"allow":["GET"]}}],"collection":[{"href":"https:\/\/www.fondafotos.com\/fr\/wp-json\/wp\/v2\/pages"}],"about":[{"href":"https:\/\/www.fondafotos.com\/fr\/wp-json\/wp\/v2\/types\/page"}],"author":[{"embeddable":true,"href":"https:\/\/www.fondafotos.com\/fr\/wp-json\/wp\/v2\/users\/3"}],"replies":[{"embeddable":true,"href":"https:\/\/www.fondafotos.com\/fr\/wp-json\/wp\/v2\/comments?post=10106"}],"version-history":[{"count":0,"href":"https:\/\/www.fondafotos.com\/fr\/wp-json\/wp\/v2\/pages\/10106\/revisions"}],"wp:featuredmedia":[{"embeddable":true,"href":"https:\/\/www.fondafotos.com\/fr\/wp-json\/wp\/v2\/media\/10484"}],"wp:attachment":[{"href":"https:\/\/www.fondafotos.com\/fr\/wp-json\/wp\/v2\/media?parent=10106"}],"curies":[{"name":"wp","href":"https:\/\/api.w.org\/{rel}","templated":true}]}}