{"id":12869,"date":"2019-11-05T04:45:37","date_gmt":"2019-11-05T03:45:37","guid":{"rendered":"https:\/\/www.fondafotos.com\/argentine\/"},"modified":"2019-11-10T10:00:57","modified_gmt":"2019-11-10T09:00:57","slug":"argentine","status":"publish","type":"page","link":"https:\/\/www.fondafotos.com\/fr\/argentine\/","title":{"rendered":"Argentine"},"content":{"rendered":"\t\t<div data-elementor-type=\"wp-post\" data-elementor-id=\"12869\" class=\"elementor elementor-12869 elementor-12413\">\n\t\t\t\t\t\t<section class=\"elementor-section elementor-top-section elementor-element elementor-element-c3c21c3 elementor-section-boxed elementor-section-height-default elementor-section-height-default\" data-id=\"c3c21c3\" data-element_type=\"section\" data-e-type=\"section\">\n\t\t\t\t\t\t<div class=\"elementor-container elementor-column-gap-default\">\n\t\t\t\t\t<div class=\"elementor-column elementor-col-100 elementor-top-column elementor-element elementor-element-5b85c5d\" data-id=\"5b85c5d\" data-element_type=\"column\" data-e-type=\"column\">\n\t\t\t<div class=\"elementor-widget-wrap elementor-element-populated\">\n\t\t\t\t\t\t<div class=\"elementor-element elementor-element-c21794b section-align-center section-size-default elementor-widget elementor-widget-section-heading\" data-id=\"c21794b\" data-element_type=\"widget\" data-e-type=\"widget\" data-widget_type=\"section-heading.default\">\n\t\t\t\t<div class=\"elementor-widget-container\">\n\t\t\t\t\t<div class=\"section-heading headingstyle-default\"><h2 class=\"entry-title section-title\">Argentine<\/h2><h5 class=\"entry-sub-title section-sub-title\">Noroeste Argentino (NOA)<\/h5><div class=\"section-description clearfix\"><div class=\"section-description-inner\"><p>\u00c0 des milliers de kilom\u00e8tres de l'influence europ\u00e9enne visible \u00e0 Buenos Aires, le visiteur d\u00e9couvrira cette r\u00e9gion encore impr\u00e9gn\u00e9e de cultures Quechua et Aymara, o\u00f9 des canyons semi-d\u00e9sertiques et des quebradas le m\u00e8neront progressivement des contreforts des Andes \u00e0 la Puna.<\/p>\n<\/div><\/div><\/div>\t\t\t\t<\/div>\n\t\t\t\t<\/div>\n\t\t\t\t<div class=\"elementor-element elementor-element-67688b2 elementor-widget elementor-widget-spacer\" data-id=\"67688b2\" data-element_type=\"widget\" data-e-type=\"widget\" data-widget_type=\"spacer.default\">\n\t\t\t\t<div class=\"elementor-widget-container\">\n\t\t\t\t\t\t\t<div class=\"elementor-spacer\">\n\t\t\t<div class=\"elementor-spacer-inner\"><\/div>\n\t\t<\/div>\n\t\t\t\t\t\t<\/div>\n\t\t\t\t<\/div>\n\t\t\t\t<div class=\"elementor-element elementor-element-d319827 elementor-widget elementor-widget-portfolio-grid\" data-id=\"d319827\" data-element_type=\"widget\" data-e-type=\"widget\" data-widget_type=\"portfolio-grid.default\">\n\t\t\t\t<div class=\"elementor-widget-container\">\n\t\t\t\t\t<div class=\"portfolio-grid-container lightgallery-container portfolio-gridblock-columns-wrap\"><div id=\"gridblock-container\" class=\"portfolio-gutter-spaced    has-effect-blur grid-style-classic gridblock-three clearfix\" data-columns=\"3\"><div class=\"gridblock-element grid-animate-display-all isotope-displayed gridblock-element-id-12867 gridblock-element-order-1  gridblock-filterable filter-argentine-fr \" data-portfolio=\"portfolio-12867\" data-id=\"id-2\"><div class=\"gridblock-grid-element gridblock-element-inner\" data-portfolioid=\"12867\"><div class=\"gridblock-background-hover\"><a class=\"gridblock-sole-link\" href=\"https:\/\/www.fondafotos.com\/fr\/portfolios\/sud-salta\/\"><div class=\"gridblock-links-wrap box-title-\"><span class=\"column-gridblock-icon\"><span class=\"hover-icon-effect\"><i class=\"ion-ios-plus-empty\"><\/i><\/span><\/span><\/div><\/a><\/div><img decoding=\"async\" src=\"https:\/\/www.fondafotos.com\/wp-content\/themes\/kordex\/images\/placeholders\/placeholder-770x770.gif\" data-src=\"https:\/\/www.fondafotos.com\/wp-content\/uploads\/2019\/11\/molinos-south-of-salta-noa-argentina-square-770x770.jpg\" alt=\"Molinos, Sud de Salta, NOA, Argentine\" class=\"displayed-image lazyload\"\/><\/div><div class=\"work-details\"><h4><a href=\"https:\/\/www.fondafotos.com\/fr\/portfolios\/sud-salta\/\">Sud de Salta<\/a><\/h4><p class=\"entry-content work-description\">Cette boucle de 500 km parcourt des quebradas semi-d\u00e9sertiques et la ville de Cafayate et son vignoble. On y voit aussi d\u2019\u00e9normes cactus appel\u00e9s cardones. Une forte ressemblance avec les d\u00e9serts de l'ouest am\u00e9ricain !<\/p><\/div><\/div><div class=\"gridblock-element grid-animate-display-all isotope-displayed gridblock-element-id-12879 gridblock-element-order-2  gridblock-filterable filter-argentine-fr \" data-portfolio=\"portfolio-12879\" data-id=\"id-3\"><div class=\"gridblock-grid-element gridblock-element-inner\" data-portfolioid=\"12879\"><div class=\"gridblock-background-hover\"><a class=\"gridblock-sole-link\" href=\"https:\/\/www.fondafotos.com\/fr\/portfolios\/nord-salta\/\"><div class=\"gridblock-links-wrap box-title-\"><span class=\"column-gridblock-icon\"><span class=\"hover-icon-effect\"><i class=\"ion-ios-plus-empty\"><\/i><\/span><\/span><\/div><\/a><\/div><img decoding=\"async\" src=\"https:\/\/www.fondafotos.com\/wp-content\/themes\/kordex\/images\/placeholders\/placeholder-770x770.gif\" data-src=\"https:\/\/www.fondafotos.com\/wp-content\/uploads\/2019\/11\/route-52-towards-salinas-grandes-noa-argentina-square-770x770.jpg\" alt=\"Route 52 vers les Salinas Grandes, NOA, Argentine\" class=\"displayed-image lazyload\"\/><\/div><div class=\"work-details\"><h4><a href=\"https:\/\/www.fondafotos.com\/fr\/portfolios\/nord-salta\/\">Nord de Salta<\/a><\/h4><p class=\"entry-content work-description\">Une fois pass\u00e9 Jujuy, vous d\u00e9couvrirez la Quebrada de Humahuaca, site class\u00e9 au patrimoine mondial de l'UNESCO, et le village bigarr\u00e9 de Purmamarca. C'est le point de d\u00e9part de la Route 52 qui vous m\u00e8nera au Chili \u00e0 travers les Salinas Grandes, les plus grandes salines d'Argentine. Vraiment excitant !<\/p><\/div><\/div><\/div><\/div>\t\t\t\t<\/div>\n\t\t\t\t<\/div>\n\t\t\t\t\t<\/div>\n\t\t<\/div>\n\t\t\t\t\t<\/div>\n\t\t<\/section>\n\t\t\t\t<\/div>\n\t\t","protected":false},"excerpt":{"rendered":"<p>Argentine Noroeste Argentino (NOA) \u00c0 des milliers de kilom\u00e8tres de l&rsquo;influence europ\u00e9enne visible \u00e0 Buenos Aires, le visiteur d\u00e9couvrira cette r\u00e9gion encore impr\u00e9gn\u00e9e de cultures Quechua et Aymara, o\u00f9 des canyons semi-d\u00e9sertiques et des quebradas le m\u00e8neront progressivement des contreforts des Andes \u00e0 la Puna. South of Salta This 500 km loop passes by semi-desert quebradas, the town of Cafayate and its vineyard, and huge cactuses called cardones. A strong resemblance to the deserts of the American West! North of [&hellip;]<\/p>\n","protected":false},"author":3,"featured_media":12467,"parent":0,"menu_order":0,"comment_status":"closed","ping_status":"closed","template":"","meta":{"footnotes":""},"class_list":["post-12869","page","type-page","status-publish","has-post-thumbnail","hentry"],"yoast_head":"<!-- This site is optimized with the Yoast SEO plugin v27.4 - https:\/\/yoast.com\/product\/yoast-seo-wordpress\/ -->\n<title>Argentine - FondaFotos<\/title>\n<meta name=\"robots\" content=\"index, follow, max-snippet:-1, max-image-preview:large, max-video-preview:-1\" \/>\n<link rel=\"canonical\" href=\"https:\/\/www.fondafotos.com\/fr\/argentine\/\" \/>\n<meta property=\"og:locale\" content=\"fr_FR\" \/>\n<meta property=\"og:type\" content=\"article\" \/>\n<meta property=\"og:title\" content=\"Argentine - FondaFotos\" \/>\n<meta property=\"og:description\" content=\"Argentine Noroeste Argentino (NOA) \u00c0 des milliers de kilom\u00e8tres de l&rsquo;influence europ\u00e9enne visible \u00e0 Buenos Aires, le visiteur d\u00e9couvrira cette r\u00e9gion encore impr\u00e9gn\u00e9e de cultures Quechua et Aymara, o\u00f9 des canyons semi-d\u00e9sertiques et des quebradas le m\u00e8neront progressivement des contreforts des Andes \u00e0 la Puna. South of Salta This 500 km loop passes by semi-desert quebradas, the town of Cafayate and its vineyard, and huge cactuses called cardones. A strong resemblance to the deserts of the American West! North of [&hellip;]\" \/>\n<meta property=\"og:url\" content=\"https:\/\/www.fondafotos.com\/fr\/argentine\/\" \/>\n<meta property=\"og:site_name\" content=\"FondaFotos\" \/>\n<meta property=\"article:modified_time\" content=\"2019-11-10T09:00:57+00:00\" \/>\n<meta property=\"og:image\" content=\"https:\/\/www.fondafotos.com\/wp-content\/uploads\/2019\/09\/quebrada-cafayate-noa-argentina.jpg\" \/>\n\t<meta property=\"og:image:width\" content=\"1500\" \/>\n\t<meta property=\"og:image:height\" content=\"1000\" \/>\n\t<meta property=\"og:image:type\" content=\"image\/jpeg\" \/>\n<meta name=\"twitter:card\" content=\"summary_large_image\" \/>\n<meta name=\"twitter:label1\" content=\"Dur\u00e9e de lecture estim\u00e9e\" \/>\n\t<meta name=\"twitter:data1\" content=\"1 minute\" \/>\n<script type=\"application\/ld+json\" class=\"yoast-schema-graph\">{\"@context\":\"https:\\\/\\\/schema.org\",\"@graph\":[{\"@type\":\"WebPage\",\"@id\":\"https:\\\/\\\/www.fondafotos.com\\\/fr\\\/argentine\\\/\",\"url\":\"https:\\\/\\\/www.fondafotos.com\\\/fr\\\/argentine\\\/\",\"name\":\"Argentine - FondaFotos\",\"isPartOf\":{\"@id\":\"https:\\\/\\\/www.fondafotos.com\\\/fr\\\/?lang=fr\\\/#website\"},\"primaryImageOfPage\":{\"@id\":\"https:\\\/\\\/www.fondafotos.com\\\/fr\\\/argentine\\\/#primaryimage\"},\"image\":{\"@id\":\"https:\\\/\\\/www.fondafotos.com\\\/fr\\\/argentine\\\/#primaryimage\"},\"thumbnailUrl\":\"https:\\\/\\\/www.fondafotos.com\\\/wp-content\\\/uploads\\\/2019\\\/09\\\/quebrada-cafayate-noa-argentina.jpg\",\"datePublished\":\"2019-11-05T03:45:37+00:00\",\"dateModified\":\"2019-11-10T09:00:57+00:00\",\"breadcrumb\":{\"@id\":\"https:\\\/\\\/www.fondafotos.com\\\/fr\\\/argentine\\\/#breadcrumb\"},\"inLanguage\":\"fr-FR\",\"potentialAction\":[{\"@type\":\"ReadAction\",\"target\":[\"https:\\\/\\\/www.fondafotos.com\\\/fr\\\/argentine\\\/\"]}]},{\"@type\":\"ImageObject\",\"inLanguage\":\"fr-FR\",\"@id\":\"https:\\\/\\\/www.fondafotos.com\\\/fr\\\/argentine\\\/#primaryimage\",\"url\":\"https:\\\/\\\/www.fondafotos.com\\\/wp-content\\\/uploads\\\/2019\\\/09\\\/quebrada-cafayate-noa-argentina.jpg\",\"contentUrl\":\"https:\\\/\\\/www.fondafotos.com\\\/wp-content\\\/uploads\\\/2019\\\/09\\\/quebrada-cafayate-noa-argentina.jpg\",\"width\":1500,\"height\":1000,\"caption\":\"Quebrada de Cafayate, NOA, Argentine\"},{\"@type\":\"BreadcrumbList\",\"@id\":\"https:\\\/\\\/www.fondafotos.com\\\/fr\\\/argentine\\\/#breadcrumb\",\"itemListElement\":[{\"@type\":\"ListItem\",\"position\":1,\"name\":\"Home\",\"item\":\"https:\\\/\\\/www.fondafotos.com\\\/fr\\\/?lang=fr\"},{\"@type\":\"ListItem\",\"position\":2,\"name\":\"Argentine\"}]},{\"@type\":\"WebSite\",\"@id\":\"https:\\\/\\\/www.fondafotos.com\\\/fr\\\/?lang=fr\\\/#website\",\"url\":\"https:\\\/\\\/www.fondafotos.com\\\/fr\\\/?lang=fr\\\/\",\"name\":\"FondaFotos\",\"description\":\"Voyager c&#039;est apprendre, photographier c&#039;est raconter\",\"publisher\":{\"@id\":\"https:\\\/\\\/www.fondafotos.com\\\/fr\\\/?lang=fr\\\/#\\\/schema\\\/person\\\/6cc6e79d39ed8bca6139daa4717e2f98\"},\"potentialAction\":[{\"@type\":\"SearchAction\",\"target\":{\"@type\":\"EntryPoint\",\"urlTemplate\":\"https:\\\/\\\/www.fondafotos.com\\\/fr\\\/?lang=fr\\\/?s={search_term_string}\"},\"query-input\":{\"@type\":\"PropertyValueSpecification\",\"valueRequired\":true,\"valueName\":\"search_term_string\"}}],\"inLanguage\":\"fr-FR\"},{\"@type\":[\"Person\",\"Organization\"],\"@id\":\"https:\\\/\\\/www.fondafotos.com\\\/fr\\\/?lang=fr\\\/#\\\/schema\\\/person\\\/6cc6e79d39ed8bca6139daa4717e2f98\",\"name\":\"Fonda61\",\"image\":{\"@type\":\"ImageObject\",\"inLanguage\":\"fr-FR\",\"@id\":\"https:\\\/\\\/secure.gravatar.com\\\/avatar\\\/943d04124829b79fd000e726d321b8797cae73d3e358b3b48ae11c554415174d?s=96&d=mm&r=g\",\"url\":\"https:\\\/\\\/secure.gravatar.com\\\/avatar\\\/943d04124829b79fd000e726d321b8797cae73d3e358b3b48ae11c554415174d?s=96&d=mm&r=g\",\"contentUrl\":\"https:\\\/\\\/secure.gravatar.com\\\/avatar\\\/943d04124829b79fd000e726d321b8797cae73d3e358b3b48ae11c554415174d?s=96&d=mm&r=g\",\"caption\":\"Fonda61\"},\"logo\":{\"@id\":\"https:\\\/\\\/secure.gravatar.com\\\/avatar\\\/943d04124829b79fd000e726d321b8797cae73d3e358b3b48ae11c554415174d?s=96&d=mm&r=g\"}}]}<\/script>\n<!-- \/ Yoast SEO plugin. -->","yoast_head_json":{"title":"Argentine - FondaFotos","robots":{"index":"index","follow":"follow","max-snippet":"max-snippet:-1","max-image-preview":"max-image-preview:large","max-video-preview":"max-video-preview:-1"},"canonical":"https:\/\/www.fondafotos.com\/fr\/argentine\/","og_locale":"fr_FR","og_type":"article","og_title":"Argentine - FondaFotos","og_description":"Argentine Noroeste Argentino (NOA) \u00c0 des milliers de kilom\u00e8tres de l&rsquo;influence europ\u00e9enne visible \u00e0 Buenos Aires, le visiteur d\u00e9couvrira cette r\u00e9gion encore impr\u00e9gn\u00e9e de cultures Quechua et Aymara, o\u00f9 des canyons semi-d\u00e9sertiques et des quebradas le m\u00e8neront progressivement des contreforts des Andes \u00e0 la Puna. South of Salta This 500 km loop passes by semi-desert quebradas, the town of Cafayate and its vineyard, and huge cactuses called cardones. A strong resemblance to the deserts of the American West! North of [&hellip;]","og_url":"https:\/\/www.fondafotos.com\/fr\/argentine\/","og_site_name":"FondaFotos","article_modified_time":"2019-11-10T09:00:57+00:00","og_image":[{"width":1500,"height":1000,"url":"https:\/\/www.fondafotos.com\/wp-content\/uploads\/2019\/09\/quebrada-cafayate-noa-argentina.jpg","type":"image\/jpeg"}],"twitter_card":"summary_large_image","twitter_misc":{"Dur\u00e9e de lecture estim\u00e9e":"1 minute"},"schema":{"@context":"https:\/\/schema.org","@graph":[{"@type":"WebPage","@id":"https:\/\/www.fondafotos.com\/fr\/argentine\/","url":"https:\/\/www.fondafotos.com\/fr\/argentine\/","name":"Argentine - FondaFotos","isPartOf":{"@id":"https:\/\/www.fondafotos.com\/fr\/?lang=fr\/#website"},"primaryImageOfPage":{"@id":"https:\/\/www.fondafotos.com\/fr\/argentine\/#primaryimage"},"image":{"@id":"https:\/\/www.fondafotos.com\/fr\/argentine\/#primaryimage"},"thumbnailUrl":"https:\/\/www.fondafotos.com\/wp-content\/uploads\/2019\/09\/quebrada-cafayate-noa-argentina.jpg","datePublished":"2019-11-05T03:45:37+00:00","dateModified":"2019-11-10T09:00:57+00:00","breadcrumb":{"@id":"https:\/\/www.fondafotos.com\/fr\/argentine\/#breadcrumb"},"inLanguage":"fr-FR","potentialAction":[{"@type":"ReadAction","target":["https:\/\/www.fondafotos.com\/fr\/argentine\/"]}]},{"@type":"ImageObject","inLanguage":"fr-FR","@id":"https:\/\/www.fondafotos.com\/fr\/argentine\/#primaryimage","url":"https:\/\/www.fondafotos.com\/wp-content\/uploads\/2019\/09\/quebrada-cafayate-noa-argentina.jpg","contentUrl":"https:\/\/www.fondafotos.com\/wp-content\/uploads\/2019\/09\/quebrada-cafayate-noa-argentina.jpg","width":1500,"height":1000,"caption":"Quebrada de Cafayate, NOA, Argentine"},{"@type":"BreadcrumbList","@id":"https:\/\/www.fondafotos.com\/fr\/argentine\/#breadcrumb","itemListElement":[{"@type":"ListItem","position":1,"name":"Home","item":"https:\/\/www.fondafotos.com\/fr\/?lang=fr"},{"@type":"ListItem","position":2,"name":"Argentine"}]},{"@type":"WebSite","@id":"https:\/\/www.fondafotos.com\/fr\/?lang=fr\/#website","url":"https:\/\/www.fondafotos.com\/fr\/?lang=fr\/","name":"FondaFotos","description":"Voyager c&#039;est apprendre, photographier c&#039;est raconter","publisher":{"@id":"https:\/\/www.fondafotos.com\/fr\/?lang=fr\/#\/schema\/person\/6cc6e79d39ed8bca6139daa4717e2f98"},"potentialAction":[{"@type":"SearchAction","target":{"@type":"EntryPoint","urlTemplate":"https:\/\/www.fondafotos.com\/fr\/?lang=fr\/?s={search_term_string}"},"query-input":{"@type":"PropertyValueSpecification","valueRequired":true,"valueName":"search_term_string"}}],"inLanguage":"fr-FR"},{"@type":["Person","Organization"],"@id":"https:\/\/www.fondafotos.com\/fr\/?lang=fr\/#\/schema\/person\/6cc6e79d39ed8bca6139daa4717e2f98","name":"Fonda61","image":{"@type":"ImageObject","inLanguage":"fr-FR","@id":"https:\/\/secure.gravatar.com\/avatar\/943d04124829b79fd000e726d321b8797cae73d3e358b3b48ae11c554415174d?s=96&d=mm&r=g","url":"https:\/\/secure.gravatar.com\/avatar\/943d04124829b79fd000e726d321b8797cae73d3e358b3b48ae11c554415174d?s=96&d=mm&r=g","contentUrl":"https:\/\/secure.gravatar.com\/avatar\/943d04124829b79fd000e726d321b8797cae73d3e358b3b48ae11c554415174d?s=96&d=mm&r=g","caption":"Fonda61"},"logo":{"@id":"https:\/\/secure.gravatar.com\/avatar\/943d04124829b79fd000e726d321b8797cae73d3e358b3b48ae11c554415174d?s=96&d=mm&r=g"}}]}},"jetpack_sharing_enabled":true,"_links":{"self":[{"href":"https:\/\/www.fondafotos.com\/fr\/wp-json\/wp\/v2\/pages\/12869","targetHints":{"allow":["GET"]}}],"collection":[{"href":"https:\/\/www.fondafotos.com\/fr\/wp-json\/wp\/v2\/pages"}],"about":[{"href":"https:\/\/www.fondafotos.com\/fr\/wp-json\/wp\/v2\/types\/page"}],"author":[{"embeddable":true,"href":"https:\/\/www.fondafotos.com\/fr\/wp-json\/wp\/v2\/users\/3"}],"replies":[{"embeddable":true,"href":"https:\/\/www.fondafotos.com\/fr\/wp-json\/wp\/v2\/comments?post=12869"}],"version-history":[{"count":0,"href":"https:\/\/www.fondafotos.com\/fr\/wp-json\/wp\/v2\/pages\/12869\/revisions"}],"wp:featuredmedia":[{"embeddable":true,"href":"https:\/\/www.fondafotos.com\/fr\/wp-json\/wp\/v2\/media\/12467"}],"wp:attachment":[{"href":"https:\/\/www.fondafotos.com\/fr\/wp-json\/wp\/v2\/media?parent=12869"}],"curies":[{"name":"wp","href":"https:\/\/api.w.org\/{rel}","templated":true}]}}