{"id":13810,"date":"2019-12-15T22:50:08","date_gmt":"2019-12-15T21:50:08","guid":{"rendered":"https:\/\/www.fondafotos.com\/norvege\/"},"modified":"2020-01-09T23:24:29","modified_gmt":"2020-01-09T22:24:29","slug":"norvege","status":"publish","type":"page","link":"https:\/\/www.fondafotos.com\/fr\/norvege\/","title":{"rendered":"Norv\u00e8ge"},"content":{"rendered":"\t\t<div data-elementor-type=\"wp-post\" data-elementor-id=\"13810\" class=\"elementor elementor-13810 elementor-13591\">\n\t\t\t\t\t\t<section class=\"elementor-section elementor-top-section elementor-element elementor-element-c3c21c3 elementor-section-boxed elementor-section-height-default elementor-section-height-default\" data-id=\"c3c21c3\" data-element_type=\"section\" data-e-type=\"section\">\n\t\t\t\t\t\t<div class=\"elementor-container elementor-column-gap-default\">\n\t\t\t\t\t<div class=\"elementor-column elementor-col-100 elementor-top-column elementor-element elementor-element-5b85c5d\" data-id=\"5b85c5d\" data-element_type=\"column\" data-e-type=\"column\">\n\t\t\t<div class=\"elementor-widget-wrap elementor-element-populated\">\n\t\t\t\t\t\t<div class=\"elementor-element elementor-element-c21794b section-align-center section-size-default elementor-widget elementor-widget-section-heading\" data-id=\"c21794b\" data-element_type=\"widget\" data-e-type=\"widget\" data-widget_type=\"section-heading.default\">\n\t\t\t\t<div class=\"elementor-widget-container\">\n\t\t\t\t\t<div class=\"section-heading headingstyle-default\"><h2 class=\"entry-title section-title\">Norv\u00e8ge<\/h2><h5 class=\"entry-sub-title section-sub-title\">Merveilles enneig\u00e9es et aurores dansantes<\/h5><div class=\"section-description clearfix\"><div class=\"section-description-inner\"><p>La Norv\u00e8ge est c\u00e9l\u00e8bre pour la beaut\u00e9 naturelle de ses fjords, mais pourquoi ne pas explorer les splendides \u00eeles du nord du pays ? D\u00e9couvrez les \u00eeles Lofoten et leurs imposantes chaines de montagnes et Senja, souvent d\u00e9crite comme \u00abla Norv\u00e8ge en miniature\u00bb.<\/p>\n<\/div><\/div><\/div>\t\t\t\t<\/div>\n\t\t\t\t<\/div>\n\t\t\t\t<div class=\"elementor-element elementor-element-67688b2 elementor-widget elementor-widget-spacer\" data-id=\"67688b2\" data-element_type=\"widget\" data-e-type=\"widget\" data-widget_type=\"spacer.default\">\n\t\t\t\t<div class=\"elementor-widget-container\">\n\t\t\t\t\t\t\t<div class=\"elementor-spacer\">\n\t\t\t<div class=\"elementor-spacer-inner\"><\/div>\n\t\t<\/div>\n\t\t\t\t\t\t<\/div>\n\t\t\t\t<\/div>\n\t\t\t\t<div class=\"elementor-element elementor-element-d319827 elementor-widget elementor-widget-portfolio-grid\" data-id=\"d319827\" data-element_type=\"widget\" data-e-type=\"widget\" data-widget_type=\"portfolio-grid.default\">\n\t\t\t\t<div class=\"elementor-widget-container\">\n\t\t\t\t\t<div class=\"portfolio-grid-container lightgallery-container portfolio-gridblock-columns-wrap\"><div id=\"gridblock-container\" class=\"portfolio-gutter-spaced    has-effect-blur grid-style-classic gridblock-three clearfix\" data-columns=\"3\"><div class=\"gridblock-element grid-animate-display-all isotope-displayed gridblock-element-id-13801 gridblock-element-order-1  gridblock-filterable filter-lofoten-fr \" data-portfolio=\"portfolio-13801\" data-id=\"id-2\"><div class=\"gridblock-grid-element gridblock-element-inner\" data-portfolioid=\"13801\"><div class=\"gridblock-background-hover\"><a class=\"gridblock-sole-link\" href=\"https:\/\/www.fondafotos.com\/fr\/portfolios\/iles-lofoten\/\"><div class=\"gridblock-links-wrap box-title-\"><span class=\"column-gridblock-icon\"><span class=\"hover-icon-effect\"><i class=\"ion-ios-plus-empty\"><\/i><\/span><\/span><\/div><\/a><\/div><img decoding=\"async\" src=\"https:\/\/www.fondafotos.com\/wp-content\/themes\/kordex\/images\/placeholders\/placeholder-770x770.gif\" data-src=\"https:\/\/www.fondafotos.com\/wp-content\/uploads\/2019\/12\/lofoten-ramberg-beach-square-770x770.jpg\" alt=\"Ramberg beach, Lofoten\" class=\"displayed-image lazyload\"\/><\/div><div class=\"work-details\"><h4><a href=\"https:\/\/www.fondafotos.com\/fr\/portfolios\/iles-lofoten\/\">Iles Lofoten<\/a><\/h4><p class=\"entry-content work-description\">Elles \u00e9mergent de la mer Arctique avec leurs imposantes chaines de montagnes, formant l'un des paysages les plus impressionnants sur Terre. Ces \u00eeles offrent le cadre id\u00e9al pour de magnifiques photos sous une douce lumi\u00e8re hivernale.<\/p><\/div><\/div><div class=\"gridblock-element grid-animate-display-all isotope-displayed gridblock-element-id-13920 gridblock-element-order-2  gridblock-filterable filter-lofoten-fr \" data-portfolio=\"portfolio-13920\" data-id=\"id-3\"><div class=\"gridblock-grid-element gridblock-element-inner\" data-portfolioid=\"13920\"><div class=\"gridblock-background-hover\"><a class=\"gridblock-sole-link\" href=\"https:\/\/www.fondafotos.com\/fr\/portfolios\/villages-lofoten\/\"><div class=\"gridblock-links-wrap box-title-\"><span class=\"column-gridblock-icon\"><span class=\"hover-icon-effect\"><i class=\"ion-ios-plus-empty\"><\/i><\/span><\/span><\/div><\/a><\/div><img decoding=\"async\" src=\"https:\/\/www.fondafotos.com\/wp-content\/themes\/kordex\/images\/placeholders\/placeholder-770x770.gif\" data-src=\"https:\/\/www.fondafotos.com\/wp-content\/uploads\/2019\/12\/lofoten-hamnoy-red-rorbu-770x770.jpg\" alt=\"Red rorbu, Hamnoy, Lofoten\" class=\"displayed-image lazyload\"\/><\/div><div class=\"work-details\"><h4><a href=\"https:\/\/www.fondafotos.com\/fr\/portfolios\/villages-lofoten\/\">Villages des Lofoten<\/a><\/h4><p class=\"entry-content work-description\">Les villages de p\u00eacheurs du sud de l'archipel sont un v\u00e9ritable joyau des \u00eeles Lofoten.  Leurs rorbuer rouges ou parfois jaunes sont tr\u00e8s photog\u00e9niques !<\/p><\/div><\/div><div class=\"gridblock-element grid-animate-display-all isotope-displayed gridblock-element-id-14025 gridblock-element-order-3  gridblock-filterable filter-norvege \" data-portfolio=\"portfolio-14025\" data-id=\"id-4\"><div class=\"gridblock-grid-element gridblock-element-inner\" data-portfolioid=\"14025\"><div class=\"gridblock-background-hover\"><a class=\"gridblock-sole-link\" href=\"https:\/\/www.fondafotos.com\/fr\/portfolios\/aurores-boreales\/\"><div class=\"gridblock-links-wrap box-title-\"><span class=\"column-gridblock-icon\"><span class=\"hover-icon-effect\"><i class=\"ion-ios-plus-empty\"><\/i><\/span><\/span><\/div><\/a><\/div><img decoding=\"async\" src=\"https:\/\/www.fondafotos.com\/wp-content\/themes\/kordex\/images\/placeholders\/placeholder-770x770.gif\" data-src=\"https:\/\/www.fondafotos.com\/wp-content\/uploads\/2019\/12\/lofoten-aurora-skagsanden-beach-2-770x770.jpg\" alt=\"Northern lights, Skagsanden beach, Lofoten\" class=\"displayed-image lazyload\"\/><\/div><div class=\"work-details\"><h4><a href=\"https:\/\/www.fondafotos.com\/fr\/portfolios\/aurores-boreales\/\">Aurores bor\u00e9ales<\/a><\/h4><p class=\"entry-content work-description\">Profitez de la magie des aurores bor\u00e9ales vertes et violettes dansant au-dessus de votre t\u00eate, pendant que vous vous tenez sur une plage d\u00e9serte des \u00eeles Lofoten ou de Senja, au c\u0153ur de la nuit! C'est tellement apaisant !<\/p><\/div><\/div><div class=\"gridblock-element grid-animate-display-all isotope-displayed gridblock-element-id-14076 gridblock-element-order-4  gridblock-filterable filter-norvege \" data-portfolio=\"portfolio-14076\" data-id=\"id-5\"><div class=\"gridblock-grid-element gridblock-element-inner\" data-portfolioid=\"14076\"><div class=\"gridblock-background-hover\"><a class=\"gridblock-sole-link\" href=\"https:\/\/www.fondafotos.com\/fr\/portfolios\/breivikeidet\/\"><div class=\"gridblock-links-wrap box-title-\"><span class=\"column-gridblock-icon\"><span class=\"hover-icon-effect\"><i class=\"ion-ios-plus-empty\"><\/i><\/span><\/span><\/div><\/a><\/div><img decoding=\"async\" src=\"https:\/\/www.fondafotos.com\/wp-content\/themes\/kordex\/images\/placeholders\/placeholder-770x770.gif\" data-src=\"https:\/\/www.fondafotos.com\/wp-content\/uploads\/2020\/01\/breivikeidet-norway-cabin-770x770.jpg\" alt=\"Breivikeidet, Norway\" class=\"displayed-image lazyload\"\/><\/div><div class=\"work-details\"><h4><a href=\"https:\/\/www.fondafotos.com\/fr\/portfolios\/breivikeidet\/\">Breivikeidet<\/a><\/h4><p class=\"entry-content work-description\">La route depuis Troms\u00f8 suit une vall\u00e9e tr\u00e8s pittoresque vers l'est jusqu'au petit village de Breivikeidet. Fin f\u00e9vrier, les temp\u00e9ratures peuvent \u00eatre glaciales. Des conditions id\u00e9ales pour une belle nappe de brouillard recouvrant le fjord !<\/p><\/div><\/div><div class=\"gridblock-element grid-animate-display-all isotope-displayed gridblock-element-id-14268 gridblock-element-order-5  gridblock-filterable filter-senja-fr \" data-portfolio=\"portfolio-14268\" data-id=\"id-6\"><div class=\"gridblock-grid-element gridblock-element-inner\" data-portfolioid=\"14268\"><div class=\"gridblock-background-hover\"><a class=\"gridblock-sole-link\" href=\"https:\/\/www.fondafotos.com\/fr\/portfolios\/senja\/\"><div class=\"gridblock-links-wrap box-title-\"><span class=\"column-gridblock-icon\"><span class=\"hover-icon-effect\"><i class=\"ion-ios-plus-empty\"><\/i><\/span><\/span><\/div><\/a><\/div><img decoding=\"async\" src=\"https:\/\/www.fondafotos.com\/wp-content\/themes\/kordex\/images\/placeholders\/placeholder-770x770.gif\" data-src=\"https:\/\/www.fondafotos.com\/wp-content\/uploads\/2020\/02\/senja-devil-teeth-from-ersfjord-square-770x770.jpg\" alt=\"Devil&#039;s Teeth from Ersfjord, Senja\" class=\"displayed-image lazyload\"\/><\/div><div class=\"work-details\"><h4><a href=\"https:\/\/www.fondafotos.com\/fr\/portfolios\/senja\/\">Senja<\/a><\/h4><p class=\"entry-content work-description\">Pas aussi r\u00e9put\u00e9e que les iles des Lofoten et encore pr\u00e9serv\u00e9e du tumulte touristique, Senja, deuxi\u00e8me plus grande \u00eele de Norv\u00e8ge, regorge d'impressionnants paysages de montagne. La partie nord-ouest de l'\u00eele est magnifique avec des fjords qui se frayent un chemin entre les montagnes escarp\u00e9es.<\/p><\/div><\/div><div class=\"gridblock-element grid-animate-display-all isotope-displayed gridblock-element-id-14390 gridblock-element-order-6  gridblock-filterable filter-norvege \" data-portfolio=\"portfolio-14390\" data-id=\"id-7\"><div class=\"gridblock-grid-element gridblock-element-inner\" data-portfolioid=\"14390\"><div class=\"gridblock-background-hover\"><a class=\"gridblock-sole-link\" href=\"https:\/\/www.fondafotos.com\/fr\/portfolios\/tromso\/\"><div class=\"gridblock-links-wrap box-title-\"><span class=\"column-gridblock-icon\"><span class=\"hover-icon-effect\"><i class=\"ion-ios-plus-empty\"><\/i><\/span><\/span><\/div><\/a><\/div><img decoding=\"async\" src=\"https:\/\/www.fondafotos.com\/wp-content\/themes\/kordex\/images\/placeholders\/placeholder-770x770.gif\" data-src=\"https:\/\/www.fondafotos.com\/wp-content\/uploads\/2020\/02\/tromso-from-storsteinen-mountain-blue-hour-770x770.jpg\" alt=\"\" class=\"displayed-image lazyload\"\/><\/div><div class=\"work-details\"><h4><a href=\"https:\/\/www.fondafotos.com\/fr\/portfolios\/tromso\/\">Troms\u00f8<\/a><\/h4><p class=\"entry-content work-description\">Photos de Troms\u00f8, la grande ville du nord de la Norv\u00e8ge, \u00e0 350 km au-dessus du cercle polaire arctique. Elles ont \u00e9t\u00e9 prises depuis la montagne Storsteinen, accessible en t\u00e9l\u00e9ph\u00e9rique.<\/p><\/div><\/div><div class=\"gridblock-element grid-animate-display-all isotope-displayed gridblock-element-id-14392 gridblock-element-order-7  gridblock-filterable filter-norvege \" data-portfolio=\"portfolio-14392\" data-id=\"id-8\"><div class=\"gridblock-grid-element gridblock-element-inner\" data-portfolioid=\"14392\"><div class=\"gridblock-background-hover\"><a class=\"gridblock-sole-link\" href=\"https:\/\/www.fondafotos.com\/fr\/portfolios\/norvege-lace-gele\/\"><div class=\"gridblock-links-wrap box-title-\"><span class=\"column-gridblock-icon\"><span class=\"hover-icon-effect\"><i class=\"ion-ios-plus-empty\"><\/i><\/span><\/span><\/div><\/a><\/div><img decoding=\"async\" src=\"https:\/\/www.fondafotos.com\/wp-content\/themes\/kordex\/images\/placeholders\/placeholder-770x770.gif\" data-src=\"https:\/\/www.fondafotos.com\/wp-content\/uploads\/2020\/03\/norway-frozen-lake-square-770x770.jpg\" alt=\"Frozen lake in northern Norway\" class=\"displayed-image lazyload\"\/><\/div><div class=\"work-details\"><h4><a href=\"https:\/\/www.fondafotos.com\/fr\/portfolios\/norvege-lace-gele\/\">Lac gel\u00e9 dans le nord de la Norv\u00e8ge<\/a><\/h4><p class=\"entry-content work-description\">Photos d'un lac gel\u00e9 dans le nord de la Norv\u00e8ge, avec un bon m\u00e8tre de glace sous les pieds! Un joyau cach\u00e9 quelque part sur la route entre Troms\u00f8 et Senja.<\/p><\/div><\/div><\/div><\/div>\t\t\t\t<\/div>\n\t\t\t\t<\/div>\n\t\t\t\t\t<\/div>\n\t\t<\/div>\n\t\t\t\t\t<\/div>\n\t\t<\/section>\n\t\t\t\t<\/div>\n\t\t","protected":false},"excerpt":{"rendered":"<p>Norv\u00e8ge Merveilles enneig\u00e9es et aurores dansantes La Norv\u00e8ge est c\u00e9l\u00e8bre pour la beaut\u00e9 naturelle de ses fjords, mais pourquoi ne pas explorer les splendides \u00eeles du nord du pays ? D\u00e9couvrez les \u00eeles Lofoten et leurs imposantes chaines de montagnes et Senja, souvent d\u00e9crite comme \u00abla Norv\u00e8ge en miniature\u00bb. Lofoten Islands They rise from the Artic Sea with their mighty mountain ridges, forming one of the most impressive landscapes on earth. These islands provide the perfect setting for incredible photography [&hellip;]<\/p>\n","protected":false},"author":3,"featured_media":0,"parent":0,"menu_order":0,"comment_status":"closed","ping_status":"closed","template":"","meta":{"footnotes":""},"class_list":["post-13810","page","type-page","status-publish","hentry"],"yoast_head":"<!-- This site is optimized with the Yoast SEO plugin v27.4 - https:\/\/yoast.com\/product\/yoast-seo-wordpress\/ -->\n<title>Norv\u00e8ge - FondaFotos<\/title>\n<meta name=\"robots\" content=\"index, follow, max-snippet:-1, max-image-preview:large, max-video-preview:-1\" \/>\n<link rel=\"canonical\" href=\"https:\/\/www.fondafotos.com\/fr\/norvege\/\" \/>\n<meta property=\"og:locale\" content=\"fr_FR\" \/>\n<meta property=\"og:type\" content=\"article\" \/>\n<meta property=\"og:title\" content=\"Norv\u00e8ge - FondaFotos\" \/>\n<meta property=\"og:description\" content=\"Norv\u00e8ge Merveilles enneig\u00e9es et aurores dansantes La Norv\u00e8ge est c\u00e9l\u00e8bre pour la beaut\u00e9 naturelle de ses fjords, mais pourquoi ne pas explorer les splendides \u00eeles du nord du pays ? D\u00e9couvrez les \u00eeles Lofoten et leurs imposantes chaines de montagnes et Senja, souvent d\u00e9crite comme \u00abla Norv\u00e8ge en miniature\u00bb. Lofoten Islands They rise from the Artic Sea with their mighty mountain ridges, forming one of the most impressive landscapes on earth. These islands provide the perfect setting for incredible photography [&hellip;]\" \/>\n<meta property=\"og:url\" content=\"https:\/\/www.fondafotos.com\/fr\/norvege\/\" \/>\n<meta property=\"og:site_name\" content=\"FondaFotos\" \/>\n<meta property=\"article:modified_time\" content=\"2020-01-09T22:24:29+00:00\" \/>\n<meta property=\"og:image\" content=\"https:\/\/www.fondafotos.com\/wp-content\/themes\/kordex\/images\/placeholders\/placeholder-770x770.gif\" \/>\n<meta name=\"twitter:card\" content=\"summary_large_image\" \/>\n<meta name=\"twitter:label1\" content=\"Dur\u00e9e de lecture estim\u00e9e\" \/>\n\t<meta name=\"twitter:data1\" content=\"1 minute\" \/>\n<script type=\"application\/ld+json\" class=\"yoast-schema-graph\">{\"@context\":\"https:\\\/\\\/schema.org\",\"@graph\":[{\"@type\":\"WebPage\",\"@id\":\"https:\\\/\\\/www.fondafotos.com\\\/fr\\\/norvege\\\/\",\"url\":\"https:\\\/\\\/www.fondafotos.com\\\/fr\\\/norvege\\\/\",\"name\":\"Norv\u00e8ge - FondaFotos\",\"isPartOf\":{\"@id\":\"https:\\\/\\\/www.fondafotos.com\\\/fr\\\/?lang=fr\\\/#website\"},\"primaryImageOfPage\":{\"@id\":\"https:\\\/\\\/www.fondafotos.com\\\/fr\\\/norvege\\\/#primaryimage\"},\"image\":{\"@id\":\"https:\\\/\\\/www.fondafotos.com\\\/fr\\\/norvege\\\/#primaryimage\"},\"thumbnailUrl\":\"https:\\\/\\\/www.fondafotos.com\\\/wp-content\\\/themes\\\/kordex\\\/images\\\/placeholders\\\/placeholder-770x770.gif\",\"datePublished\":\"2019-12-15T21:50:08+00:00\",\"dateModified\":\"2020-01-09T22:24:29+00:00\",\"breadcrumb\":{\"@id\":\"https:\\\/\\\/www.fondafotos.com\\\/fr\\\/norvege\\\/#breadcrumb\"},\"inLanguage\":\"fr-FR\",\"potentialAction\":[{\"@type\":\"ReadAction\",\"target\":[\"https:\\\/\\\/www.fondafotos.com\\\/fr\\\/norvege\\\/\"]}]},{\"@type\":\"ImageObject\",\"inLanguage\":\"fr-FR\",\"@id\":\"https:\\\/\\\/www.fondafotos.com\\\/fr\\\/norvege\\\/#primaryimage\",\"url\":\"https:\\\/\\\/www.fondafotos.com\\\/wp-content\\\/themes\\\/kordex\\\/images\\\/placeholders\\\/placeholder-770x770.gif\",\"contentUrl\":\"https:\\\/\\\/www.fondafotos.com\\\/wp-content\\\/themes\\\/kordex\\\/images\\\/placeholders\\\/placeholder-770x770.gif\"},{\"@type\":\"BreadcrumbList\",\"@id\":\"https:\\\/\\\/www.fondafotos.com\\\/fr\\\/norvege\\\/#breadcrumb\",\"itemListElement\":[{\"@type\":\"ListItem\",\"position\":1,\"name\":\"Home\",\"item\":\"https:\\\/\\\/www.fondafotos.com\\\/fr\\\/?lang=fr\"},{\"@type\":\"ListItem\",\"position\":2,\"name\":\"Norv\u00e8ge\"}]},{\"@type\":\"WebSite\",\"@id\":\"https:\\\/\\\/www.fondafotos.com\\\/fr\\\/?lang=fr\\\/#website\",\"url\":\"https:\\\/\\\/www.fondafotos.com\\\/fr\\\/?lang=fr\\\/\",\"name\":\"FondaFotos\",\"description\":\"Voyager c&#039;est apprendre, photographier c&#039;est raconter\",\"publisher\":{\"@id\":\"https:\\\/\\\/www.fondafotos.com\\\/fr\\\/?lang=fr\\\/#\\\/schema\\\/person\\\/6cc6e79d39ed8bca6139daa4717e2f98\"},\"potentialAction\":[{\"@type\":\"SearchAction\",\"target\":{\"@type\":\"EntryPoint\",\"urlTemplate\":\"https:\\\/\\\/www.fondafotos.com\\\/fr\\\/?lang=fr\\\/?s={search_term_string}\"},\"query-input\":{\"@type\":\"PropertyValueSpecification\",\"valueRequired\":true,\"valueName\":\"search_term_string\"}}],\"inLanguage\":\"fr-FR\"},{\"@type\":[\"Person\",\"Organization\"],\"@id\":\"https:\\\/\\\/www.fondafotos.com\\\/fr\\\/?lang=fr\\\/#\\\/schema\\\/person\\\/6cc6e79d39ed8bca6139daa4717e2f98\",\"name\":\"Fonda61\",\"image\":{\"@type\":\"ImageObject\",\"inLanguage\":\"fr-FR\",\"@id\":\"https:\\\/\\\/secure.gravatar.com\\\/avatar\\\/943d04124829b79fd000e726d321b8797cae73d3e358b3b48ae11c554415174d?s=96&d=mm&r=g\",\"url\":\"https:\\\/\\\/secure.gravatar.com\\\/avatar\\\/943d04124829b79fd000e726d321b8797cae73d3e358b3b48ae11c554415174d?s=96&d=mm&r=g\",\"contentUrl\":\"https:\\\/\\\/secure.gravatar.com\\\/avatar\\\/943d04124829b79fd000e726d321b8797cae73d3e358b3b48ae11c554415174d?s=96&d=mm&r=g\",\"caption\":\"Fonda61\"},\"logo\":{\"@id\":\"https:\\\/\\\/secure.gravatar.com\\\/avatar\\\/943d04124829b79fd000e726d321b8797cae73d3e358b3b48ae11c554415174d?s=96&d=mm&r=g\"}}]}<\/script>\n<!-- \/ Yoast SEO plugin. -->","yoast_head_json":{"title":"Norv\u00e8ge - FondaFotos","robots":{"index":"index","follow":"follow","max-snippet":"max-snippet:-1","max-image-preview":"max-image-preview:large","max-video-preview":"max-video-preview:-1"},"canonical":"https:\/\/www.fondafotos.com\/fr\/norvege\/","og_locale":"fr_FR","og_type":"article","og_title":"Norv\u00e8ge - FondaFotos","og_description":"Norv\u00e8ge Merveilles enneig\u00e9es et aurores dansantes La Norv\u00e8ge est c\u00e9l\u00e8bre pour la beaut\u00e9 naturelle de ses fjords, mais pourquoi ne pas explorer les splendides \u00eeles du nord du pays ? D\u00e9couvrez les \u00eeles Lofoten et leurs imposantes chaines de montagnes et Senja, souvent d\u00e9crite comme \u00abla Norv\u00e8ge en miniature\u00bb. Lofoten Islands They rise from the Artic Sea with their mighty mountain ridges, forming one of the most impressive landscapes on earth. These islands provide the perfect setting for incredible photography [&hellip;]","og_url":"https:\/\/www.fondafotos.com\/fr\/norvege\/","og_site_name":"FondaFotos","article_modified_time":"2020-01-09T22:24:29+00:00","og_image":[{"url":"https:\/\/www.fondafotos.com\/wp-content\/themes\/kordex\/images\/placeholders\/placeholder-770x770.gif","type":"","width":"","height":""}],"twitter_card":"summary_large_image","twitter_misc":{"Dur\u00e9e de lecture estim\u00e9e":"1 minute"},"schema":{"@context":"https:\/\/schema.org","@graph":[{"@type":"WebPage","@id":"https:\/\/www.fondafotos.com\/fr\/norvege\/","url":"https:\/\/www.fondafotos.com\/fr\/norvege\/","name":"Norv\u00e8ge - FondaFotos","isPartOf":{"@id":"https:\/\/www.fondafotos.com\/fr\/?lang=fr\/#website"},"primaryImageOfPage":{"@id":"https:\/\/www.fondafotos.com\/fr\/norvege\/#primaryimage"},"image":{"@id":"https:\/\/www.fondafotos.com\/fr\/norvege\/#primaryimage"},"thumbnailUrl":"https:\/\/www.fondafotos.com\/wp-content\/themes\/kordex\/images\/placeholders\/placeholder-770x770.gif","datePublished":"2019-12-15T21:50:08+00:00","dateModified":"2020-01-09T22:24:29+00:00","breadcrumb":{"@id":"https:\/\/www.fondafotos.com\/fr\/norvege\/#breadcrumb"},"inLanguage":"fr-FR","potentialAction":[{"@type":"ReadAction","target":["https:\/\/www.fondafotos.com\/fr\/norvege\/"]}]},{"@type":"ImageObject","inLanguage":"fr-FR","@id":"https:\/\/www.fondafotos.com\/fr\/norvege\/#primaryimage","url":"https:\/\/www.fondafotos.com\/wp-content\/themes\/kordex\/images\/placeholders\/placeholder-770x770.gif","contentUrl":"https:\/\/www.fondafotos.com\/wp-content\/themes\/kordex\/images\/placeholders\/placeholder-770x770.gif"},{"@type":"BreadcrumbList","@id":"https:\/\/www.fondafotos.com\/fr\/norvege\/#breadcrumb","itemListElement":[{"@type":"ListItem","position":1,"name":"Home","item":"https:\/\/www.fondafotos.com\/fr\/?lang=fr"},{"@type":"ListItem","position":2,"name":"Norv\u00e8ge"}]},{"@type":"WebSite","@id":"https:\/\/www.fondafotos.com\/fr\/?lang=fr\/#website","url":"https:\/\/www.fondafotos.com\/fr\/?lang=fr\/","name":"FondaFotos","description":"Voyager c&#039;est apprendre, photographier c&#039;est raconter","publisher":{"@id":"https:\/\/www.fondafotos.com\/fr\/?lang=fr\/#\/schema\/person\/6cc6e79d39ed8bca6139daa4717e2f98"},"potentialAction":[{"@type":"SearchAction","target":{"@type":"EntryPoint","urlTemplate":"https:\/\/www.fondafotos.com\/fr\/?lang=fr\/?s={search_term_string}"},"query-input":{"@type":"PropertyValueSpecification","valueRequired":true,"valueName":"search_term_string"}}],"inLanguage":"fr-FR"},{"@type":["Person","Organization"],"@id":"https:\/\/www.fondafotos.com\/fr\/?lang=fr\/#\/schema\/person\/6cc6e79d39ed8bca6139daa4717e2f98","name":"Fonda61","image":{"@type":"ImageObject","inLanguage":"fr-FR","@id":"https:\/\/secure.gravatar.com\/avatar\/943d04124829b79fd000e726d321b8797cae73d3e358b3b48ae11c554415174d?s=96&d=mm&r=g","url":"https:\/\/secure.gravatar.com\/avatar\/943d04124829b79fd000e726d321b8797cae73d3e358b3b48ae11c554415174d?s=96&d=mm&r=g","contentUrl":"https:\/\/secure.gravatar.com\/avatar\/943d04124829b79fd000e726d321b8797cae73d3e358b3b48ae11c554415174d?s=96&d=mm&r=g","caption":"Fonda61"},"logo":{"@id":"https:\/\/secure.gravatar.com\/avatar\/943d04124829b79fd000e726d321b8797cae73d3e358b3b48ae11c554415174d?s=96&d=mm&r=g"}}]}},"jetpack_sharing_enabled":true,"_links":{"self":[{"href":"https:\/\/www.fondafotos.com\/fr\/wp-json\/wp\/v2\/pages\/13810","targetHints":{"allow":["GET"]}}],"collection":[{"href":"https:\/\/www.fondafotos.com\/fr\/wp-json\/wp\/v2\/pages"}],"about":[{"href":"https:\/\/www.fondafotos.com\/fr\/wp-json\/wp\/v2\/types\/page"}],"author":[{"embeddable":true,"href":"https:\/\/www.fondafotos.com\/fr\/wp-json\/wp\/v2\/users\/3"}],"replies":[{"embeddable":true,"href":"https:\/\/www.fondafotos.com\/fr\/wp-json\/wp\/v2\/comments?post=13810"}],"version-history":[{"count":0,"href":"https:\/\/www.fondafotos.com\/fr\/wp-json\/wp\/v2\/pages\/13810\/revisions"}],"wp:attachment":[{"href":"https:\/\/www.fondafotos.com\/fr\/wp-json\/wp\/v2\/media?parent=13810"}],"curies":[{"name":"wp","href":"https:\/\/api.w.org\/{rel}","templated":true}]}}