{"id":15838,"date":"2021-04-11T16:02:30","date_gmt":"2021-04-11T14:02:30","guid":{"rendered":"https:\/\/www.fondafotos.com\/italie\/"},"modified":"2021-04-11T16:36:23","modified_gmt":"2021-04-11T14:36:23","slug":"italie","status":"publish","type":"page","link":"https:\/\/www.fondafotos.com\/fr\/italie\/","title":{"rendered":"Italie"},"content":{"rendered":"\t\t<div data-elementor-type=\"wp-post\" data-elementor-id=\"15838\" class=\"elementor elementor-15838 elementor-15626\">\n\t\t\t\t\t\t<section class=\"elementor-section elementor-top-section elementor-element elementor-element-c3c21c3 elementor-section-boxed elementor-section-height-default elementor-section-height-default\" data-id=\"c3c21c3\" data-element_type=\"section\" data-e-type=\"section\">\n\t\t\t\t\t\t<div class=\"elementor-container elementor-column-gap-default\">\n\t\t\t\t\t<div class=\"elementor-column elementor-col-100 elementor-top-column elementor-element elementor-element-5b85c5d\" data-id=\"5b85c5d\" data-element_type=\"column\" data-e-type=\"column\">\n\t\t\t<div class=\"elementor-widget-wrap elementor-element-populated\">\n\t\t\t\t\t\t<div class=\"elementor-element elementor-element-c21794b section-align-center section-size-default elementor-widget elementor-widget-section-heading\" data-id=\"c21794b\" data-element_type=\"widget\" data-e-type=\"widget\" data-widget_type=\"section-heading.default\">\n\t\t\t\t<div class=\"elementor-widget-container\">\n\t\t\t\t\t<div class=\"section-heading headingstyle-default\"><h2 class=\"entry-title section-title\">Italie<\/h2><h5 class=\"entry-sub-title section-sub-title\">Des lignes de cr\u00eate des Dolomites aux villages color\u00e9s de la c\u00f4te amalfitaine<\/h5><div class=\"section-description clearfix\"><div class=\"section-description-inner\"><p>Cit\u00e9s illustres et splendides paysages naturels ou fa\u00e7onn\u00e9s par l'homme. Ce paradis de la culture et de la gastronomie est une b\u00e9n\u00e9diction pour les photographes. Chaque site m\u00e9rite un voyage ...<\/p>\n<\/div><\/div><\/div>\t\t\t\t<\/div>\n\t\t\t\t<\/div>\n\t\t\t\t<div class=\"elementor-element elementor-element-b31b472 elementor-widget elementor-widget-spacer\" data-id=\"b31b472\" data-element_type=\"widget\" data-e-type=\"widget\" data-widget_type=\"spacer.default\">\n\t\t\t\t<div class=\"elementor-widget-container\">\n\t\t\t\t\t\t\t<div class=\"elementor-spacer\">\n\t\t\t<div class=\"elementor-spacer-inner\"><\/div>\n\t\t<\/div>\n\t\t\t\t\t\t<\/div>\n\t\t\t\t<\/div>\n\t\t\t\t<div class=\"elementor-element elementor-element-d319827 elementor-widget elementor-widget-portfolio-grid\" data-id=\"d319827\" data-element_type=\"widget\" data-e-type=\"widget\" data-widget_type=\"portfolio-grid.default\">\n\t\t\t\t<div class=\"elementor-widget-container\">\n\t\t\t\t\t<div class=\"portfolio-grid-container lightgallery-container portfolio-gridblock-columns-wrap\"><div id=\"gridblock-container\" class=\"portfolio-gutter-spaced    has-effect-blur grid-style-classic gridblock-three clearfix\" data-columns=\"3\"><div class=\"gridblock-element grid-animate-display-all isotope-displayed gridblock-element-id-15844 gridblock-element-order-1  gridblock-filterable filter-italie \" data-portfolio=\"portfolio-15844\" data-id=\"id-2\"><div class=\"gridblock-grid-element gridblock-element-inner\" data-portfolioid=\"15844\"><div class=\"gridblock-background-hover\"><a class=\"gridblock-sole-link\" href=\"https:\/\/www.fondafotos.com\/fr\/portfolios\/venise\/\"><div class=\"gridblock-links-wrap box-title-\"><span class=\"column-gridblock-icon\"><span class=\"hover-icon-effect\"><i class=\"ion-ios-plus-empty\"><\/i><\/span><\/span><\/div><\/a><\/div><img decoding=\"async\" src=\"https:\/\/www.fondafotos.com\/wp-content\/themes\/kordex\/images\/placeholders\/placeholder-770x770.gif\" data-src=\"https:\/\/www.fondafotos.com\/wp-content\/uploads\/2019\/04\/venice-gondolas-giudecca-canal-770x770.jpg\" alt=\"Gondoles sur le Canal de la Giudecca, Venise\" class=\"displayed-image lazyload\"\/><\/div><div class=\"work-details\"><h4><a href=\"https:\/\/www.fondafotos.com\/fr\/portfolios\/venise\/\">Venise<\/a><\/h4><p class=\"entry-content work-description\">Pourquoi pas la derni\u00e8re semaine de l'ann\u00e9e pour visiter Venise ? Vous risquez de vous retrouver gel\u00e9 jusqu'aux os mais l'ambiance particuli\u00e8re, loin des hordes de touristes, est vraiment agr\u00e9able !<\/p><\/div><\/div><div class=\"gridblock-element grid-animate-display-all isotope-displayed gridblock-element-id-16644 gridblock-element-order-2  gridblock-filterable filter-italie \" data-portfolio=\"portfolio-16644\" data-id=\"id-3\"><div class=\"gridblock-grid-element gridblock-element-inner\" data-portfolioid=\"16644\"><div class=\"gridblock-background-hover\"><a class=\"gridblock-sole-link\" href=\"https:\/\/www.fondafotos.com\/fr\/portfolios\/dolomites-fr\/\"><div class=\"gridblock-links-wrap box-title-\"><span class=\"column-gridblock-icon\"><span class=\"hover-icon-effect\"><i class=\"ion-ios-plus-empty\"><\/i><\/span><\/span><\/div><\/a><\/div><img decoding=\"async\" src=\"https:\/\/www.fondafotos.com\/wp-content\/themes\/kordex\/images\/placeholders\/placeholder-770x770.gif\" data-src=\"https:\/\/www.fondafotos.com\/wp-content\/uploads\/2021\/05\/tofana-di-mezzo-square-770x770.jpg\" alt=\"Tofana di Mezzo, Dolomites\" class=\"displayed-image lazyload\"\/><\/div><div class=\"work-details\"><h4><a href=\"https:\/\/www.fondafotos.com\/fr\/portfolios\/dolomites-fr\/\">Dolomites<\/a><\/h4><p class=\"entry-content work-description\">C'est l'une des plus belles r\u00e9gions d'Europe, les montagnes des Dolomites au nord de l'Italie ! Des sommets magnifiques et spectaculaires s\u00e9par\u00e9s par des cols que vous atteignez apr\u00e8s avoir franchi des dizaines de virages en \u00e9pingle \u00e0 cheveux. Profitez du paysage !<\/p><\/div><\/div><div class=\"gridblock-element grid-animate-display-all isotope-displayed gridblock-element-id-16642 gridblock-element-order-3  gridblock-filterable filter-italie \" data-portfolio=\"portfolio-16642\" data-id=\"id-4\"><div class=\"gridblock-grid-element gridblock-element-inner\" data-portfolioid=\"16642\"><div class=\"gridblock-background-hover\"><a class=\"gridblock-sole-link\" href=\"https:\/\/www.fondafotos.com\/fr\/portfolios\/dolomites-alpe-siusi\/\"><div class=\"gridblock-links-wrap box-title-\"><span class=\"column-gridblock-icon\"><span class=\"hover-icon-effect\"><i class=\"ion-ios-plus-empty\"><\/i><\/span><\/span><\/div><\/a><\/div><img decoding=\"async\" src=\"https:\/\/www.fondafotos.com\/wp-content\/themes\/kordex\/images\/placeholders\/placeholder-770x770.gif\" data-src=\"https:\/\/www.fondafotos.com\/wp-content\/uploads\/2021\/06\/alpe-siusi-early-morning-square-770x770.jpg\" alt=\"Alpe di Siusi, early morning, square format\" class=\"displayed-image lazyload\"\/><\/div><div class=\"work-details\"><h4><a href=\"https:\/\/www.fondafotos.com\/fr\/portfolios\/dolomites-alpe-siusi\/\">Dolomites &#8211; Alpe di Siusi<\/a><\/h4><p class=\"entry-content work-description\">Ce plus haut alpage d'Europe est entour\u00e9 par les montagnes des Dolomites. Que vous regardiez des clich\u00e9s pris en fin de printemps au milieu des prairies avec gros plans sur des cabanes en bois ou des vues plus panoramiques depuis les montagnes environnantes, c'est juste magnifique !<\/p><\/div><\/div><div class=\"gridblock-element grid-animate-display-all isotope-displayed gridblock-element-id-16630 gridblock-element-order-4  gridblock-filterable filter-italie \" data-portfolio=\"portfolio-16630\" data-id=\"id-5\"><div class=\"gridblock-grid-element gridblock-element-inner\" data-portfolioid=\"16630\"><div class=\"gridblock-background-hover\"><a class=\"gridblock-sole-link\" href=\"https:\/\/www.fondafotos.com\/fr\/portfolios\/dolomites-eglises\/\"><div class=\"gridblock-links-wrap box-title-\"><span class=\"column-gridblock-icon\"><span class=\"hover-icon-effect\"><i class=\"ion-ios-plus-empty\"><\/i><\/span><\/span><\/div><\/a><\/div><img decoding=\"async\" src=\"https:\/\/www.fondafotos.com\/wp-content\/themes\/kordex\/images\/placeholders\/placeholder-770x770.gif\" data-src=\"https:\/\/www.fondafotos.com\/wp-content\/uploads\/2021\/07\/san-giovanni-chapel-dolomites-770x770.jpg\" alt=\"Chapelle San Giovanni, Dolomites\" class=\"displayed-image lazyload\"\/><\/div><div class=\"work-details\"><h4><a href=\"https:\/\/www.fondafotos.com\/fr\/portfolios\/dolomites-eglises\/\">Eglises des Dolomites<\/a><\/h4><p class=\"entry-content work-description\">Observez de pr\u00e8s les tours et clochers de ces \u00e9glises, dont certaines sont coiff\u00e9es de bulbes d'oignons pour mieux r\u00e9sister au poids de la neige. Ne pensez-vous pas que leurs formes sont en harmonie avec les sommets majestueux et les pins des Dolomites qui les entourent ?<\/p><\/div><\/div><\/div><\/div>\t\t\t\t<\/div>\n\t\t\t\t<\/div>\n\t\t\t\t\t<\/div>\n\t\t<\/div>\n\t\t\t\t\t<\/div>\n\t\t<\/section>\n\t\t\t\t<\/div>\n\t\t","protected":false},"excerpt":{"rendered":"<p>Italie Des lignes de cr\u00eate des Dolomites aux villages color\u00e9s de la c\u00f4te amalfitaine Cit\u00e9s illustres et splendides paysages naturels ou fa\u00e7onn\u00e9s par l&rsquo;homme. Ce paradis de la culture et de la gastronomie est une b\u00e9n\u00e9diction pour les photographes. Chaque site m\u00e9rite un voyage &#8230; Venice What about the last week of the year to visit Venice? You may end-up frozen to the bone but the special atmosphere, far from tourist crowds, is really enjoyable!<\/p>\n","protected":false},"author":3,"featured_media":0,"parent":0,"menu_order":0,"comment_status":"closed","ping_status":"closed","template":"","meta":{"footnotes":""},"class_list":["post-15838","page","type-page","status-publish","hentry"],"yoast_head":"<!-- This site is optimized with the Yoast SEO plugin v27.4 - https:\/\/yoast.com\/product\/yoast-seo-wordpress\/ -->\n<title>Italie - FondaFotos<\/title>\n<meta name=\"description\" content=\"Introduction \u00e0 mes photos de paysage d&#039;Italie. Plusieurs r\u00e9gions couvertes : Venise, les Dolomites, la Toscane et le Val d&#039;Orcia, la c\u00f4te amalfitaine.\" \/>\n<meta name=\"robots\" content=\"index, follow, max-snippet:-1, max-image-preview:large, max-video-preview:-1\" \/>\n<link rel=\"canonical\" href=\"https:\/\/www.fondafotos.com\/fr\/italie\/\" \/>\n<meta property=\"og:locale\" content=\"fr_FR\" \/>\n<meta property=\"og:type\" content=\"article\" \/>\n<meta property=\"og:title\" content=\"Italie - FondaFotos\" \/>\n<meta property=\"og:description\" content=\"Introduction \u00e0 mes photos de paysage d&#039;Italie. Plusieurs r\u00e9gions couvertes : Venise, les Dolomites, la Toscane et le Val d&#039;Orcia, la c\u00f4te amalfitaine.\" \/>\n<meta property=\"og:url\" content=\"https:\/\/www.fondafotos.com\/fr\/italie\/\" \/>\n<meta property=\"og:site_name\" content=\"FondaFotos\" \/>\n<meta property=\"article:modified_time\" content=\"2021-04-11T14:36:23+00:00\" \/>\n<meta property=\"og:image\" content=\"https:\/\/www.fondafotos.com\/wp-content\/themes\/kordex\/images\/placeholders\/placeholder-770x770.gif\" \/>\n<meta name=\"twitter:card\" content=\"summary_large_image\" \/>\n<script type=\"application\/ld+json\" class=\"yoast-schema-graph\">{\"@context\":\"https:\\\/\\\/schema.org\",\"@graph\":[{\"@type\":\"WebPage\",\"@id\":\"https:\\\/\\\/www.fondafotos.com\\\/fr\\\/italie\\\/\",\"url\":\"https:\\\/\\\/www.fondafotos.com\\\/fr\\\/italie\\\/\",\"name\":\"Italie - FondaFotos\",\"isPartOf\":{\"@id\":\"https:\\\/\\\/www.fondafotos.com\\\/fr\\\/?lang=fr\\\/#website\"},\"primaryImageOfPage\":{\"@id\":\"https:\\\/\\\/www.fondafotos.com\\\/fr\\\/italie\\\/#primaryimage\"},\"image\":{\"@id\":\"https:\\\/\\\/www.fondafotos.com\\\/fr\\\/italie\\\/#primaryimage\"},\"thumbnailUrl\":\"https:\\\/\\\/www.fondafotos.com\\\/wp-content\\\/themes\\\/kordex\\\/images\\\/placeholders\\\/placeholder-770x770.gif\",\"datePublished\":\"2021-04-11T14:02:30+00:00\",\"dateModified\":\"2021-04-11T14:36:23+00:00\",\"description\":\"Introduction \u00e0 mes photos de paysage d'Italie. Plusieurs r\u00e9gions couvertes : Venise, les Dolomites, la Toscane et le Val d'Orcia, la c\u00f4te amalfitaine.\",\"breadcrumb\":{\"@id\":\"https:\\\/\\\/www.fondafotos.com\\\/fr\\\/italie\\\/#breadcrumb\"},\"inLanguage\":\"fr-FR\",\"potentialAction\":[{\"@type\":\"ReadAction\",\"target\":[\"https:\\\/\\\/www.fondafotos.com\\\/fr\\\/italie\\\/\"]}]},{\"@type\":\"ImageObject\",\"inLanguage\":\"fr-FR\",\"@id\":\"https:\\\/\\\/www.fondafotos.com\\\/fr\\\/italie\\\/#primaryimage\",\"url\":\"https:\\\/\\\/www.fondafotos.com\\\/wp-content\\\/themes\\\/kordex\\\/images\\\/placeholders\\\/placeholder-770x770.gif\",\"contentUrl\":\"https:\\\/\\\/www.fondafotos.com\\\/wp-content\\\/themes\\\/kordex\\\/images\\\/placeholders\\\/placeholder-770x770.gif\"},{\"@type\":\"BreadcrumbList\",\"@id\":\"https:\\\/\\\/www.fondafotos.com\\\/fr\\\/italie\\\/#breadcrumb\",\"itemListElement\":[{\"@type\":\"ListItem\",\"position\":1,\"name\":\"Home\",\"item\":\"https:\\\/\\\/www.fondafotos.com\\\/fr\\\/?lang=fr\"},{\"@type\":\"ListItem\",\"position\":2,\"name\":\"Italie\"}]},{\"@type\":\"WebSite\",\"@id\":\"https:\\\/\\\/www.fondafotos.com\\\/fr\\\/?lang=fr\\\/#website\",\"url\":\"https:\\\/\\\/www.fondafotos.com\\\/fr\\\/?lang=fr\\\/\",\"name\":\"FondaFotos\",\"description\":\"Voyager c&#039;est apprendre, photographier c&#039;est raconter\",\"publisher\":{\"@id\":\"https:\\\/\\\/www.fondafotos.com\\\/fr\\\/?lang=fr\\\/#\\\/schema\\\/person\\\/6cc6e79d39ed8bca6139daa4717e2f98\"},\"potentialAction\":[{\"@type\":\"SearchAction\",\"target\":{\"@type\":\"EntryPoint\",\"urlTemplate\":\"https:\\\/\\\/www.fondafotos.com\\\/fr\\\/?lang=fr\\\/?s={search_term_string}\"},\"query-input\":{\"@type\":\"PropertyValueSpecification\",\"valueRequired\":true,\"valueName\":\"search_term_string\"}}],\"inLanguage\":\"fr-FR\"},{\"@type\":[\"Person\",\"Organization\"],\"@id\":\"https:\\\/\\\/www.fondafotos.com\\\/fr\\\/?lang=fr\\\/#\\\/schema\\\/person\\\/6cc6e79d39ed8bca6139daa4717e2f98\",\"name\":\"Fonda61\",\"image\":{\"@type\":\"ImageObject\",\"inLanguage\":\"fr-FR\",\"@id\":\"https:\\\/\\\/secure.gravatar.com\\\/avatar\\\/943d04124829b79fd000e726d321b8797cae73d3e358b3b48ae11c554415174d?s=96&d=mm&r=g\",\"url\":\"https:\\\/\\\/secure.gravatar.com\\\/avatar\\\/943d04124829b79fd000e726d321b8797cae73d3e358b3b48ae11c554415174d?s=96&d=mm&r=g\",\"contentUrl\":\"https:\\\/\\\/secure.gravatar.com\\\/avatar\\\/943d04124829b79fd000e726d321b8797cae73d3e358b3b48ae11c554415174d?s=96&d=mm&r=g\",\"caption\":\"Fonda61\"},\"logo\":{\"@id\":\"https:\\\/\\\/secure.gravatar.com\\\/avatar\\\/943d04124829b79fd000e726d321b8797cae73d3e358b3b48ae11c554415174d?s=96&d=mm&r=g\"}}]}<\/script>\n<!-- \/ Yoast SEO plugin. -->","yoast_head_json":{"title":"Italie - FondaFotos","description":"Introduction \u00e0 mes photos de paysage d'Italie. Plusieurs r\u00e9gions couvertes : Venise, les Dolomites, la Toscane et le Val d'Orcia, la c\u00f4te amalfitaine.","robots":{"index":"index","follow":"follow","max-snippet":"max-snippet:-1","max-image-preview":"max-image-preview:large","max-video-preview":"max-video-preview:-1"},"canonical":"https:\/\/www.fondafotos.com\/fr\/italie\/","og_locale":"fr_FR","og_type":"article","og_title":"Italie - FondaFotos","og_description":"Introduction \u00e0 mes photos de paysage d'Italie. Plusieurs r\u00e9gions couvertes : Venise, les Dolomites, la Toscane et le Val d'Orcia, la c\u00f4te amalfitaine.","og_url":"https:\/\/www.fondafotos.com\/fr\/italie\/","og_site_name":"FondaFotos","article_modified_time":"2021-04-11T14:36:23+00:00","og_image":[{"url":"https:\/\/www.fondafotos.com\/wp-content\/themes\/kordex\/images\/placeholders\/placeholder-770x770.gif","type":"","width":"","height":""}],"twitter_card":"summary_large_image","schema":{"@context":"https:\/\/schema.org","@graph":[{"@type":"WebPage","@id":"https:\/\/www.fondafotos.com\/fr\/italie\/","url":"https:\/\/www.fondafotos.com\/fr\/italie\/","name":"Italie - FondaFotos","isPartOf":{"@id":"https:\/\/www.fondafotos.com\/fr\/?lang=fr\/#website"},"primaryImageOfPage":{"@id":"https:\/\/www.fondafotos.com\/fr\/italie\/#primaryimage"},"image":{"@id":"https:\/\/www.fondafotos.com\/fr\/italie\/#primaryimage"},"thumbnailUrl":"https:\/\/www.fondafotos.com\/wp-content\/themes\/kordex\/images\/placeholders\/placeholder-770x770.gif","datePublished":"2021-04-11T14:02:30+00:00","dateModified":"2021-04-11T14:36:23+00:00","description":"Introduction \u00e0 mes photos de paysage d'Italie. Plusieurs r\u00e9gions couvertes : Venise, les Dolomites, la Toscane et le Val d'Orcia, la c\u00f4te amalfitaine.","breadcrumb":{"@id":"https:\/\/www.fondafotos.com\/fr\/italie\/#breadcrumb"},"inLanguage":"fr-FR","potentialAction":[{"@type":"ReadAction","target":["https:\/\/www.fondafotos.com\/fr\/italie\/"]}]},{"@type":"ImageObject","inLanguage":"fr-FR","@id":"https:\/\/www.fondafotos.com\/fr\/italie\/#primaryimage","url":"https:\/\/www.fondafotos.com\/wp-content\/themes\/kordex\/images\/placeholders\/placeholder-770x770.gif","contentUrl":"https:\/\/www.fondafotos.com\/wp-content\/themes\/kordex\/images\/placeholders\/placeholder-770x770.gif"},{"@type":"BreadcrumbList","@id":"https:\/\/www.fondafotos.com\/fr\/italie\/#breadcrumb","itemListElement":[{"@type":"ListItem","position":1,"name":"Home","item":"https:\/\/www.fondafotos.com\/fr\/?lang=fr"},{"@type":"ListItem","position":2,"name":"Italie"}]},{"@type":"WebSite","@id":"https:\/\/www.fondafotos.com\/fr\/?lang=fr\/#website","url":"https:\/\/www.fondafotos.com\/fr\/?lang=fr\/","name":"FondaFotos","description":"Voyager c&#039;est apprendre, photographier c&#039;est raconter","publisher":{"@id":"https:\/\/www.fondafotos.com\/fr\/?lang=fr\/#\/schema\/person\/6cc6e79d39ed8bca6139daa4717e2f98"},"potentialAction":[{"@type":"SearchAction","target":{"@type":"EntryPoint","urlTemplate":"https:\/\/www.fondafotos.com\/fr\/?lang=fr\/?s={search_term_string}"},"query-input":{"@type":"PropertyValueSpecification","valueRequired":true,"valueName":"search_term_string"}}],"inLanguage":"fr-FR"},{"@type":["Person","Organization"],"@id":"https:\/\/www.fondafotos.com\/fr\/?lang=fr\/#\/schema\/person\/6cc6e79d39ed8bca6139daa4717e2f98","name":"Fonda61","image":{"@type":"ImageObject","inLanguage":"fr-FR","@id":"https:\/\/secure.gravatar.com\/avatar\/943d04124829b79fd000e726d321b8797cae73d3e358b3b48ae11c554415174d?s=96&d=mm&r=g","url":"https:\/\/secure.gravatar.com\/avatar\/943d04124829b79fd000e726d321b8797cae73d3e358b3b48ae11c554415174d?s=96&d=mm&r=g","contentUrl":"https:\/\/secure.gravatar.com\/avatar\/943d04124829b79fd000e726d321b8797cae73d3e358b3b48ae11c554415174d?s=96&d=mm&r=g","caption":"Fonda61"},"logo":{"@id":"https:\/\/secure.gravatar.com\/avatar\/943d04124829b79fd000e726d321b8797cae73d3e358b3b48ae11c554415174d?s=96&d=mm&r=g"}}]}},"jetpack_sharing_enabled":true,"_links":{"self":[{"href":"https:\/\/www.fondafotos.com\/fr\/wp-json\/wp\/v2\/pages\/15838","targetHints":{"allow":["GET"]}}],"collection":[{"href":"https:\/\/www.fondafotos.com\/fr\/wp-json\/wp\/v2\/pages"}],"about":[{"href":"https:\/\/www.fondafotos.com\/fr\/wp-json\/wp\/v2\/types\/page"}],"author":[{"embeddable":true,"href":"https:\/\/www.fondafotos.com\/fr\/wp-json\/wp\/v2\/users\/3"}],"replies":[{"embeddable":true,"href":"https:\/\/www.fondafotos.com\/fr\/wp-json\/wp\/v2\/comments?post=15838"}],"version-history":[{"count":0,"href":"https:\/\/www.fondafotos.com\/fr\/wp-json\/wp\/v2\/pages\/15838\/revisions"}],"wp:attachment":[{"href":"https:\/\/www.fondafotos.com\/fr\/wp-json\/wp\/v2\/media?parent=15838"}],"curies":[{"name":"wp","href":"https:\/\/api.w.org\/{rel}","templated":true}]}}