{"id":7713,"date":"2019-05-13T09:44:22","date_gmt":"2019-05-13T08:44:22","guid":{"rendered":"https:\/\/fondafotos.com\/normandie\/"},"modified":"2019-06-05T13:46:58","modified_gmt":"2019-06-05T11:46:58","slug":"normandie","status":"publish","type":"page","link":"https:\/\/www.fondafotos.com\/fr\/normandie\/","title":{"rendered":"Normandie"},"content":{"rendered":"\t\t<div data-elementor-type=\"wp-post\" data-elementor-id=\"7713\" class=\"elementor elementor-7713 elementor-7447\">\n\t\t\t\t\t\t<section class=\"elementor-section elementor-top-section elementor-element elementor-element-c3c21c3 elementor-section-boxed elementor-section-height-default elementor-section-height-default\" data-id=\"c3c21c3\" data-element_type=\"section\" data-e-type=\"section\">\n\t\t\t\t\t\t<div class=\"elementor-container elementor-column-gap-default\">\n\t\t\t\t\t<div class=\"elementor-column elementor-col-100 elementor-top-column elementor-element elementor-element-5b85c5d\" data-id=\"5b85c5d\" data-element_type=\"column\" data-e-type=\"column\">\n\t\t\t<div class=\"elementor-widget-wrap elementor-element-populated\">\n\t\t\t\t\t\t<div class=\"elementor-element elementor-element-c21794b section-align-center section-size-default elementor-widget elementor-widget-section-heading\" data-id=\"c21794b\" data-element_type=\"widget\" data-e-type=\"widget\" data-widget_type=\"section-heading.default\">\n\t\t\t\t<div class=\"elementor-widget-container\">\n\t\t\t\t\t<div class=\"section-heading headingstyle-default\"><h2 class=\"entry-title section-title\">Normandie<\/h2><h5 class=\"entry-sub-title section-sub-title\">Camembert, Etretat, Mont-Saint-Michel et plus ...<\/h5><div class=\"section-description clearfix\"><div class=\"section-description-inner\"><p>R\u00e9gion du nord-ouest de la France, baign\u00e9e par la Manche, connue pour sa gastronomie et son histoire. Les paysages y sont vari\u00e9s : hautes falaises au nord, immenses plages du D\u00e9barquement \u00e0 l'ouest, bocage normand \u00e0 l'int\u00e9rieur des terres ...<\/p>\n<\/div><\/div><\/div>\t\t\t\t<\/div>\n\t\t\t\t<\/div>\n\t\t\t\t<div class=\"elementor-element elementor-element-0ebe441 elementor-widget elementor-widget-spacer\" data-id=\"0ebe441\" data-element_type=\"widget\" data-e-type=\"widget\" data-widget_type=\"spacer.default\">\n\t\t\t\t<div class=\"elementor-widget-container\">\n\t\t\t\t\t\t\t<div class=\"elementor-spacer\">\n\t\t\t<div class=\"elementor-spacer-inner\"><\/div>\n\t\t<\/div>\n\t\t\t\t\t\t<\/div>\n\t\t\t\t<\/div>\n\t\t\t\t<div class=\"elementor-element elementor-element-d319827 elementor-widget elementor-widget-portfolio-grid\" data-id=\"d319827\" data-element_type=\"widget\" data-e-type=\"widget\" data-widget_type=\"portfolio-grid.default\">\n\t\t\t\t<div class=\"elementor-widget-container\">\n\t\t\t\t\t<div class=\"portfolio-grid-container lightgallery-container portfolio-gridblock-columns-wrap\"><div id=\"gridblock-container\" class=\"portfolio-gutter-spaced    has-effect-blur grid-style-classic gridblock-three clearfix\" data-columns=\"3\"><div class=\"gridblock-element grid-animate-display-all isotope-displayed gridblock-element-id-7704 gridblock-element-order-1  gridblock-filterable filter-normandie \" data-portfolio=\"portfolio-7704\" data-id=\"id-2\"><div class=\"gridblock-grid-element gridblock-element-inner\" data-portfolioid=\"7704\"><div class=\"gridblock-background-hover\"><a class=\"gridblock-sole-link\" href=\"https:\/\/www.fondafotos.com\/fr\/portfolios\/mont-saint-michel\/\"><div class=\"gridblock-links-wrap box-title-\"><span class=\"column-gridblock-icon\"><span class=\"hover-icon-effect\"><i class=\"ion-ios-plus-empty\"><\/i><\/span><\/span><\/div><\/a><\/div><img decoding=\"async\" src=\"https:\/\/www.fondafotos.com\/wp-content\/themes\/kordex\/images\/placeholders\/placeholder-770x770.gif\" data-src=\"https:\/\/www.fondafotos.com\/wp-content\/uploads\/2019\/04\/mont-saint-michel-from-bridge-with-fog-770x770.jpg\" alt=\"Mont-Saint-Michel depuis le pont avec brouillard\" class=\"displayed-image lazyload\"\/><\/div><div class=\"work-details\"><h4><a href=\"https:\/\/www.fondafotos.com\/fr\/portfolios\/mont-saint-michel\/\">Mont-Saint-Michel<\/a><\/h4><p class=\"entry-content work-description\">Site class\u00e9 au Patrimoine mondial de l'UNESCO, c\u00e9l\u00e8bre dans le monde entier, et situ\u00e9 \u00e0 la limite entre la Normandie et la Bretagne.<\/p><\/div><\/div><div class=\"gridblock-element grid-animate-display-all isotope-displayed gridblock-element-id-9809 gridblock-element-order-2  gridblock-filterable filter-normandie \" data-portfolio=\"portfolio-9809\" data-id=\"id-3\"><div class=\"gridblock-grid-element gridblock-element-inner\" data-portfolioid=\"9809\"><div class=\"gridblock-background-hover\"><a class=\"gridblock-sole-link\" href=\"https:\/\/www.fondafotos.com\/fr\/portfolios\/les-andelys\/\"><div class=\"gridblock-links-wrap box-title-\"><span class=\"column-gridblock-icon\"><span class=\"hover-icon-effect\"><i class=\"ion-ios-plus-empty\"><\/i><\/span><\/span><\/div><\/a><\/div><img decoding=\"async\" src=\"https:\/\/www.fondafotos.com\/wp-content\/themes\/kordex\/images\/placeholders\/placeholder-770x770.gif\" data-src=\"https:\/\/www.fondafotos.com\/wp-content\/uploads\/2019\/05\/chateau-gaillard-andelys-sunset-normandy-770x770.jpg\" alt=\"Chateau Gaillard, Les Andelys, Normandy\" class=\"displayed-image lazyload\"\/><\/div><div class=\"work-details\"><h4><a href=\"https:\/\/www.fondafotos.com\/fr\/portfolios\/les-andelys\/\">Les Andelys<\/a><\/h4><p class=\"entry-content work-description\">Petite ville de Haute-Normandie, sur les rives de la Seine, c\u00e9l\u00e8bre pour les ruines de son ch\u00e2teau m\u00e9di\u00e9val, Ch\u00e2teau Gaillard.<\/p><\/div><\/div><div class=\"gridblock-element grid-animate-display-all isotope-displayed gridblock-element-id-9811 gridblock-element-order-3  gridblock-filterable filter-normandie \" data-portfolio=\"portfolio-9811\" data-id=\"id-4\"><div class=\"gridblock-grid-element gridblock-element-inner\" data-portfolioid=\"9811\"><div class=\"gridblock-background-hover\"><a class=\"gridblock-sole-link\" href=\"https:\/\/www.fondafotos.com\/fr\/portfolios\/etretat\/\"><div class=\"gridblock-links-wrap box-title-\"><span class=\"column-gridblock-icon\"><span class=\"hover-icon-effect\"><i class=\"ion-ios-plus-empty\"><\/i><\/span><\/span><\/div><\/a><\/div><img decoding=\"async\" src=\"https:\/\/www.fondafotos.com\/wp-content\/themes\/kordex\/images\/placeholders\/placeholder-770x770.gif\" data-src=\"https:\/\/www.fondafotos.com\/wp-content\/uploads\/2019\/05\/etretat-sunset-770x770.jpg\" alt=\"Etretat\" class=\"displayed-image lazyload\"\/><\/div><div class=\"work-details\"><h4><a href=\"https:\/\/www.fondafotos.com\/fr\/portfolios\/etretat\/\">Etretat<\/a><\/h4><p class=\"entry-content work-description\">Falaises mondialement connues, avec trois arches naturelles et la fameuse aiguille.<\/p><\/div><\/div><\/div><\/div>\t\t\t\t<\/div>\n\t\t\t\t<\/div>\n\t\t\t\t\t<\/div>\n\t\t<\/div>\n\t\t\t\t\t<\/div>\n\t\t<\/section>\n\t\t\t\t<\/div>\n\t\t","protected":false},"excerpt":{"rendered":"<p>Normandie Camembert, Etretat, Mont-Saint-Michel et plus &#8230; R\u00e9gion du nord-ouest de la France, baign\u00e9e par la Manche, connue pour sa gastronomie et son histoire. Les paysages y sont vari\u00e9s : hautes falaises au nord, immenses plages du D\u00e9barquement \u00e0 l&rsquo;ouest, bocage normand \u00e0 l&rsquo;int\u00e9rieur des terres &#8230; Mont-Saint-Michel World-famous UNESCO Heritage Site located at the border between Normandy and Brittany. Les Andelys Small town in Upper Normandy, lying on the banks of the River Seine, famous for its ruined medieval [&hellip;]<\/p>\n","protected":false},"author":3,"featured_media":0,"parent":0,"menu_order":0,"comment_status":"closed","ping_status":"closed","template":"","meta":{"footnotes":""},"class_list":["post-7713","page","type-page","status-publish","hentry"],"yoast_head":"<!-- This site is optimized with the Yoast SEO plugin v27.4 - https:\/\/yoast.com\/product\/yoast-seo-wordpress\/ -->\n<title>Normandie - FondaFotos<\/title>\n<meta name=\"robots\" content=\"index, follow, max-snippet:-1, max-image-preview:large, max-video-preview:-1\" \/>\n<link rel=\"canonical\" href=\"https:\/\/www.fondafotos.com\/fr\/normandie\/\" \/>\n<meta property=\"og:locale\" content=\"fr_FR\" \/>\n<meta property=\"og:type\" content=\"article\" \/>\n<meta property=\"og:title\" content=\"Normandie - FondaFotos\" \/>\n<meta property=\"og:description\" content=\"Normandie Camembert, Etretat, Mont-Saint-Michel et plus &#8230; R\u00e9gion du nord-ouest de la France, baign\u00e9e par la Manche, connue pour sa gastronomie et son histoire. Les paysages y sont vari\u00e9s : hautes falaises au nord, immenses plages du D\u00e9barquement \u00e0 l&rsquo;ouest, bocage normand \u00e0 l&rsquo;int\u00e9rieur des terres &#8230; Mont-Saint-Michel World-famous UNESCO Heritage Site located at the border between Normandy and Brittany. Les Andelys Small town in Upper Normandy, lying on the banks of the River Seine, famous for its ruined medieval [&hellip;]\" \/>\n<meta property=\"og:url\" content=\"https:\/\/www.fondafotos.com\/fr\/normandie\/\" \/>\n<meta property=\"og:site_name\" content=\"FondaFotos\" \/>\n<meta property=\"article:modified_time\" content=\"2019-06-05T11:46:58+00:00\" \/>\n<meta property=\"og:image\" content=\"https:\/\/fondafotos.com\/wp-content\/themes\/kordex\/images\/placeholders\/placeholder-770x770.gif\" \/>\n<meta name=\"twitter:card\" content=\"summary_large_image\" \/>\n<script type=\"application\/ld+json\" class=\"yoast-schema-graph\">{\"@context\":\"https:\\\/\\\/schema.org\",\"@graph\":[{\"@type\":\"WebPage\",\"@id\":\"https:\\\/\\\/www.fondafotos.com\\\/fr\\\/normandie\\\/\",\"url\":\"https:\\\/\\\/www.fondafotos.com\\\/fr\\\/normandie\\\/\",\"name\":\"Normandie - FondaFotos\",\"isPartOf\":{\"@id\":\"https:\\\/\\\/www.fondafotos.com\\\/fr\\\/?lang=fr\\\/#website\"},\"primaryImageOfPage\":{\"@id\":\"https:\\\/\\\/www.fondafotos.com\\\/fr\\\/normandie\\\/#primaryimage\"},\"image\":{\"@id\":\"https:\\\/\\\/www.fondafotos.com\\\/fr\\\/normandie\\\/#primaryimage\"},\"thumbnailUrl\":\"https:\\\/\\\/fondafotos.com\\\/wp-content\\\/themes\\\/kordex\\\/images\\\/placeholders\\\/placeholder-770x770.gif\",\"datePublished\":\"2019-05-13T08:44:22+00:00\",\"dateModified\":\"2019-06-05T11:46:58+00:00\",\"breadcrumb\":{\"@id\":\"https:\\\/\\\/www.fondafotos.com\\\/fr\\\/normandie\\\/#breadcrumb\"},\"inLanguage\":\"fr-FR\",\"potentialAction\":[{\"@type\":\"ReadAction\",\"target\":[\"https:\\\/\\\/www.fondafotos.com\\\/fr\\\/normandie\\\/\"]}]},{\"@type\":\"ImageObject\",\"inLanguage\":\"fr-FR\",\"@id\":\"https:\\\/\\\/www.fondafotos.com\\\/fr\\\/normandie\\\/#primaryimage\",\"url\":\"https:\\\/\\\/fondafotos.com\\\/wp-content\\\/themes\\\/kordex\\\/images\\\/placeholders\\\/placeholder-770x770.gif\",\"contentUrl\":\"https:\\\/\\\/fondafotos.com\\\/wp-content\\\/themes\\\/kordex\\\/images\\\/placeholders\\\/placeholder-770x770.gif\"},{\"@type\":\"BreadcrumbList\",\"@id\":\"https:\\\/\\\/www.fondafotos.com\\\/fr\\\/normandie\\\/#breadcrumb\",\"itemListElement\":[{\"@type\":\"ListItem\",\"position\":1,\"name\":\"Home\",\"item\":\"https:\\\/\\\/www.fondafotos.com\\\/fr\\\/?lang=fr\"},{\"@type\":\"ListItem\",\"position\":2,\"name\":\"Normandie\"}]},{\"@type\":\"WebSite\",\"@id\":\"https:\\\/\\\/www.fondafotos.com\\\/fr\\\/?lang=fr\\\/#website\",\"url\":\"https:\\\/\\\/www.fondafotos.com\\\/fr\\\/?lang=fr\\\/\",\"name\":\"FondaFotos\",\"description\":\"Voyager c&#039;est apprendre, photographier c&#039;est raconter\",\"publisher\":{\"@id\":\"https:\\\/\\\/www.fondafotos.com\\\/fr\\\/?lang=fr\\\/#\\\/schema\\\/person\\\/6cc6e79d39ed8bca6139daa4717e2f98\"},\"potentialAction\":[{\"@type\":\"SearchAction\",\"target\":{\"@type\":\"EntryPoint\",\"urlTemplate\":\"https:\\\/\\\/www.fondafotos.com\\\/fr\\\/?lang=fr\\\/?s={search_term_string}\"},\"query-input\":{\"@type\":\"PropertyValueSpecification\",\"valueRequired\":true,\"valueName\":\"search_term_string\"}}],\"inLanguage\":\"fr-FR\"},{\"@type\":[\"Person\",\"Organization\"],\"@id\":\"https:\\\/\\\/www.fondafotos.com\\\/fr\\\/?lang=fr\\\/#\\\/schema\\\/person\\\/6cc6e79d39ed8bca6139daa4717e2f98\",\"name\":\"Fonda61\",\"image\":{\"@type\":\"ImageObject\",\"inLanguage\":\"fr-FR\",\"@id\":\"https:\\\/\\\/secure.gravatar.com\\\/avatar\\\/943d04124829b79fd000e726d321b8797cae73d3e358b3b48ae11c554415174d?s=96&d=mm&r=g\",\"url\":\"https:\\\/\\\/secure.gravatar.com\\\/avatar\\\/943d04124829b79fd000e726d321b8797cae73d3e358b3b48ae11c554415174d?s=96&d=mm&r=g\",\"contentUrl\":\"https:\\\/\\\/secure.gravatar.com\\\/avatar\\\/943d04124829b79fd000e726d321b8797cae73d3e358b3b48ae11c554415174d?s=96&d=mm&r=g\",\"caption\":\"Fonda61\"},\"logo\":{\"@id\":\"https:\\\/\\\/secure.gravatar.com\\\/avatar\\\/943d04124829b79fd000e726d321b8797cae73d3e358b3b48ae11c554415174d?s=96&d=mm&r=g\"}}]}<\/script>\n<!-- \/ Yoast SEO plugin. -->","yoast_head_json":{"title":"Normandie - FondaFotos","robots":{"index":"index","follow":"follow","max-snippet":"max-snippet:-1","max-image-preview":"max-image-preview:large","max-video-preview":"max-video-preview:-1"},"canonical":"https:\/\/www.fondafotos.com\/fr\/normandie\/","og_locale":"fr_FR","og_type":"article","og_title":"Normandie - FondaFotos","og_description":"Normandie Camembert, Etretat, Mont-Saint-Michel et plus &#8230; R\u00e9gion du nord-ouest de la France, baign\u00e9e par la Manche, connue pour sa gastronomie et son histoire. Les paysages y sont vari\u00e9s : hautes falaises au nord, immenses plages du D\u00e9barquement \u00e0 l&rsquo;ouest, bocage normand \u00e0 l&rsquo;int\u00e9rieur des terres &#8230; Mont-Saint-Michel World-famous UNESCO Heritage Site located at the border between Normandy and Brittany. Les Andelys Small town in Upper Normandy, lying on the banks of the River Seine, famous for its ruined medieval [&hellip;]","og_url":"https:\/\/www.fondafotos.com\/fr\/normandie\/","og_site_name":"FondaFotos","article_modified_time":"2019-06-05T11:46:58+00:00","og_image":[{"url":"https:\/\/fondafotos.com\/wp-content\/themes\/kordex\/images\/placeholders\/placeholder-770x770.gif","type":"","width":"","height":""}],"twitter_card":"summary_large_image","schema":{"@context":"https:\/\/schema.org","@graph":[{"@type":"WebPage","@id":"https:\/\/www.fondafotos.com\/fr\/normandie\/","url":"https:\/\/www.fondafotos.com\/fr\/normandie\/","name":"Normandie - FondaFotos","isPartOf":{"@id":"https:\/\/www.fondafotos.com\/fr\/?lang=fr\/#website"},"primaryImageOfPage":{"@id":"https:\/\/www.fondafotos.com\/fr\/normandie\/#primaryimage"},"image":{"@id":"https:\/\/www.fondafotos.com\/fr\/normandie\/#primaryimage"},"thumbnailUrl":"https:\/\/fondafotos.com\/wp-content\/themes\/kordex\/images\/placeholders\/placeholder-770x770.gif","datePublished":"2019-05-13T08:44:22+00:00","dateModified":"2019-06-05T11:46:58+00:00","breadcrumb":{"@id":"https:\/\/www.fondafotos.com\/fr\/normandie\/#breadcrumb"},"inLanguage":"fr-FR","potentialAction":[{"@type":"ReadAction","target":["https:\/\/www.fondafotos.com\/fr\/normandie\/"]}]},{"@type":"ImageObject","inLanguage":"fr-FR","@id":"https:\/\/www.fondafotos.com\/fr\/normandie\/#primaryimage","url":"https:\/\/fondafotos.com\/wp-content\/themes\/kordex\/images\/placeholders\/placeholder-770x770.gif","contentUrl":"https:\/\/fondafotos.com\/wp-content\/themes\/kordex\/images\/placeholders\/placeholder-770x770.gif"},{"@type":"BreadcrumbList","@id":"https:\/\/www.fondafotos.com\/fr\/normandie\/#breadcrumb","itemListElement":[{"@type":"ListItem","position":1,"name":"Home","item":"https:\/\/www.fondafotos.com\/fr\/?lang=fr"},{"@type":"ListItem","position":2,"name":"Normandie"}]},{"@type":"WebSite","@id":"https:\/\/www.fondafotos.com\/fr\/?lang=fr\/#website","url":"https:\/\/www.fondafotos.com\/fr\/?lang=fr\/","name":"FondaFotos","description":"Voyager c&#039;est apprendre, photographier c&#039;est raconter","publisher":{"@id":"https:\/\/www.fondafotos.com\/fr\/?lang=fr\/#\/schema\/person\/6cc6e79d39ed8bca6139daa4717e2f98"},"potentialAction":[{"@type":"SearchAction","target":{"@type":"EntryPoint","urlTemplate":"https:\/\/www.fondafotos.com\/fr\/?lang=fr\/?s={search_term_string}"},"query-input":{"@type":"PropertyValueSpecification","valueRequired":true,"valueName":"search_term_string"}}],"inLanguage":"fr-FR"},{"@type":["Person","Organization"],"@id":"https:\/\/www.fondafotos.com\/fr\/?lang=fr\/#\/schema\/person\/6cc6e79d39ed8bca6139daa4717e2f98","name":"Fonda61","image":{"@type":"ImageObject","inLanguage":"fr-FR","@id":"https:\/\/secure.gravatar.com\/avatar\/943d04124829b79fd000e726d321b8797cae73d3e358b3b48ae11c554415174d?s=96&d=mm&r=g","url":"https:\/\/secure.gravatar.com\/avatar\/943d04124829b79fd000e726d321b8797cae73d3e358b3b48ae11c554415174d?s=96&d=mm&r=g","contentUrl":"https:\/\/secure.gravatar.com\/avatar\/943d04124829b79fd000e726d321b8797cae73d3e358b3b48ae11c554415174d?s=96&d=mm&r=g","caption":"Fonda61"},"logo":{"@id":"https:\/\/secure.gravatar.com\/avatar\/943d04124829b79fd000e726d321b8797cae73d3e358b3b48ae11c554415174d?s=96&d=mm&r=g"}}]}},"jetpack_sharing_enabled":true,"_links":{"self":[{"href":"https:\/\/www.fondafotos.com\/fr\/wp-json\/wp\/v2\/pages\/7713","targetHints":{"allow":["GET"]}}],"collection":[{"href":"https:\/\/www.fondafotos.com\/fr\/wp-json\/wp\/v2\/pages"}],"about":[{"href":"https:\/\/www.fondafotos.com\/fr\/wp-json\/wp\/v2\/types\/page"}],"author":[{"embeddable":true,"href":"https:\/\/www.fondafotos.com\/fr\/wp-json\/wp\/v2\/users\/3"}],"replies":[{"embeddable":true,"href":"https:\/\/www.fondafotos.com\/fr\/wp-json\/wp\/v2\/comments?post=7713"}],"version-history":[{"count":0,"href":"https:\/\/www.fondafotos.com\/fr\/wp-json\/wp\/v2\/pages\/7713\/revisions"}],"wp:attachment":[{"href":"https:\/\/www.fondafotos.com\/fr\/wp-json\/wp\/v2\/media?parent=7713"}],"curies":[{"name":"wp","href":"https:\/\/api.w.org\/{rel}","templated":true}]}}