{"id":7722,"date":"2019-05-13T09:53:37","date_gmt":"2019-05-13T08:53:37","guid":{"rendered":"https:\/\/fondafotos.com\/espagne\/"},"modified":"2021-04-11T16:02:48","modified_gmt":"2021-04-11T14:02:48","slug":"espagne","status":"publish","type":"page","link":"https:\/\/www.fondafotos.com\/fr\/espagne\/","title":{"rendered":"Espagne"},"content":{"rendered":"\t\t<div data-elementor-type=\"wp-post\" data-elementor-id=\"7722\" class=\"elementor elementor-7722 elementor-7719\">\n\t\t\t\t\t\t<section class=\"elementor-section elementor-top-section elementor-element elementor-element-c3c21c3 elementor-section-boxed elementor-section-height-default elementor-section-height-default\" data-id=\"c3c21c3\" data-element_type=\"section\" data-e-type=\"section\">\n\t\t\t\t\t\t<div class=\"elementor-container elementor-column-gap-default\">\n\t\t\t\t\t<div class=\"elementor-column elementor-col-100 elementor-top-column elementor-element elementor-element-5b85c5d\" data-id=\"5b85c5d\" data-element_type=\"column\" data-e-type=\"column\">\n\t\t\t<div class=\"elementor-widget-wrap elementor-element-populated\">\n\t\t\t\t\t\t<div class=\"elementor-element elementor-element-c21794b section-align-center section-size-default elementor-widget elementor-widget-section-heading\" data-id=\"c21794b\" data-element_type=\"widget\" data-e-type=\"widget\" data-widget_type=\"section-heading.default\">\n\t\t\t\t<div class=\"elementor-widget-container\">\n\t\t\t\t\t<div class=\"section-heading headingstyle-default\"><h2 class=\"entry-title section-title\">Espagne<\/h2><h5 class=\"entry-sub-title section-sub-title\">Histoire, peintres et \u00e9crivains, tapas, solidarit\u00e9 et bien vivre<\/h5><div class=\"section-description clearfix\"><div class=\"section-description-inner\"><p>Mari\u00e9 \u00e0 une Madril\u00e8ne, j'ai visit\u00e9 de nombreuses destinations dans ce pays. J'appr\u00e9cie la diversit\u00e9 des r\u00e9gions et les Espagnols, fiers de leur culture.<\/p>\n<\/div><\/div><\/div>\t\t\t\t<\/div>\n\t\t\t\t<\/div>\n\t\t\t\t<div class=\"elementor-element elementor-element-b31b472 elementor-widget elementor-widget-spacer\" data-id=\"b31b472\" data-element_type=\"widget\" data-e-type=\"widget\" data-widget_type=\"spacer.default\">\n\t\t\t\t<div class=\"elementor-widget-container\">\n\t\t\t\t\t\t\t<div class=\"elementor-spacer\">\n\t\t\t<div class=\"elementor-spacer-inner\"><\/div>\n\t\t<\/div>\n\t\t\t\t\t\t<\/div>\n\t\t\t\t<\/div>\n\t\t\t\t<div class=\"elementor-element elementor-element-d319827 elementor-widget elementor-widget-portfolio-grid\" data-id=\"d319827\" data-element_type=\"widget\" data-e-type=\"widget\" data-widget_type=\"portfolio-grid.default\">\n\t\t\t\t<div class=\"elementor-widget-container\">\n\t\t\t\t\t<div class=\"portfolio-grid-container lightgallery-container portfolio-gridblock-columns-wrap\"><div id=\"gridblock-container\" class=\"portfolio-gutter-spaced    has-effect-blur grid-style-classic gridblock-three clearfix\" data-columns=\"3\"><div class=\"gridblock-element grid-animate-display-all isotope-displayed gridblock-element-id-10009 gridblock-element-order-1  gridblock-filterable filter-espagne \" data-portfolio=\"portfolio-10009\" data-id=\"id-2\"><div class=\"gridblock-grid-element gridblock-element-inner\" data-portfolioid=\"10009\"><div class=\"gridblock-background-hover\"><a class=\"gridblock-sole-link\" href=\"https:\/\/www.fondafotos.com\/fr\/portfolios\/moulins-de-la-manche\/\"><div class=\"gridblock-links-wrap box-title-\"><span class=\"column-gridblock-icon\"><span class=\"hover-icon-effect\"><i class=\"ion-ios-plus-empty\"><\/i><\/span><\/span><\/div><\/a><\/div><img decoding=\"async\" src=\"https:\/\/www.fondafotos.com\/wp-content\/themes\/kordex\/images\/placeholders\/placeholder-770x770.gif\" data-src=\"https:\/\/www.fondafotos.com\/wp-content\/uploads\/2019\/05\/mancha-consuegra-windmills-slider-2-770x770.jpg\" alt=\"Moulins de la Manche\" class=\"displayed-image lazyload\"\/><\/div><div class=\"work-details\"><h4><a href=\"https:\/\/www.fondafotos.com\/fr\/portfolios\/moulins-de-la-manche\/\">Moulins de la Manche<\/a><\/h4><p class=\"entry-content work-description\">Quelques jours sur les pas de Don Quichotte dans la Manche pour photographier les c\u00e9l\u00e8bres moulins. A ne pas confondre avec les g\u00e9ants du roman de Cervantes \ud83d\ude42<\/p><\/div><\/div><div class=\"gridblock-element grid-animate-display-all isotope-displayed gridblock-element-id-9837 gridblock-element-order-2  gridblock-filterable filter-espagne \" data-portfolio=\"portfolio-9837\" data-id=\"id-3\"><div class=\"gridblock-grid-element gridblock-element-inner\" data-portfolioid=\"9837\"><div class=\"gridblock-background-hover\"><a class=\"gridblock-sole-link\" href=\"https:\/\/www.fondafotos.com\/fr\/portfolios\/asturies\/\"><div class=\"gridblock-links-wrap box-title-\"><span class=\"column-gridblock-icon\"><span class=\"hover-icon-effect\"><i class=\"ion-ios-plus-empty\"><\/i><\/span><\/span><\/div><\/a><\/div><img decoding=\"async\" src=\"https:\/\/www.fondafotos.com\/wp-content\/themes\/kordex\/images\/placeholders\/placeholder-770x770.gif\" data-src=\"https:\/\/www.fondafotos.com\/wp-content\/uploads\/2019\/05\/playa-catedrales-galicia-770x770.jpg\" alt=\"Playa de las Catedrales, Galice\" class=\"displayed-image lazyload\"\/><\/div><div class=\"work-details\"><h4><a href=\"https:\/\/www.fondafotos.com\/fr\/portfolios\/asturies\/\">Asturies<\/a><\/h4><p class=\"entry-content work-description\">Une semaine d'exploration de la c\u00f4te rocheuse des Asturies. Falaises abruptes, plages vierges et formations rocheuses.<\/p><\/div><\/div><\/div><\/div>\t\t\t\t<\/div>\n\t\t\t\t<\/div>\n\t\t\t\t\t<\/div>\n\t\t<\/div>\n\t\t\t\t\t<\/div>\n\t\t<\/section>\n\t\t\t\t<\/div>\n\t\t","protected":false},"excerpt":{"rendered":"<p>Espagne Histoire, peintres et \u00e9crivains, tapas, solidarit\u00e9 et bien vivre Mari\u00e9 \u00e0 une Madril\u00e8ne, j&rsquo;ai visit\u00e9 de nombreuses destinations dans ce pays. J&rsquo;appr\u00e9cie la diversit\u00e9 des r\u00e9gions et les Espagnols, fiers de leur culture. La Mancha Windmills A few days on the tracks of Don Quixote in La Mancha to photograph the famous windmills. Not to be confused with the giants from the Cervant\u00e8s novel \ud83d\ude42 Asturias One week to explore the rocky coastline of Asturias. Abrupt cliffs, unspoiled beaches [&hellip;]<\/p>\n","protected":false},"author":3,"featured_media":9968,"parent":0,"menu_order":0,"comment_status":"closed","ping_status":"closed","template":"","meta":{"footnotes":""},"class_list":["post-7722","page","type-page","status-publish","has-post-thumbnail","hentry"],"yoast_head":"<!-- This site is optimized with the Yoast SEO plugin v27.4 - https:\/\/yoast.com\/product\/yoast-seo-wordpress\/ -->\n<title>Espagne - FondaFotos<\/title>\n<meta name=\"description\" content=\"Introduction \u00e0 mes photos de paysage d&#039;Espagne. Deux r\u00e9gions couvertes : la Manche et ses moulins, les Asturies avec sa c\u00f4te rocheuse.\" \/>\n<meta name=\"robots\" content=\"index, follow, max-snippet:-1, max-image-preview:large, max-video-preview:-1\" \/>\n<link rel=\"canonical\" href=\"https:\/\/www.fondafotos.com\/fr\/espagne\/\" \/>\n<meta property=\"og:locale\" content=\"fr_FR\" \/>\n<meta property=\"og:type\" content=\"article\" \/>\n<meta property=\"og:title\" content=\"Espagne - FondaFotos\" \/>\n<meta property=\"og:description\" content=\"Introduction \u00e0 mes photos de paysage d&#039;Espagne. Deux r\u00e9gions couvertes : la Manche et ses moulins, les Asturies avec sa c\u00f4te rocheuse.\" \/>\n<meta property=\"og:url\" content=\"https:\/\/www.fondafotos.com\/fr\/espagne\/\" \/>\n<meta property=\"og:site_name\" content=\"FondaFotos\" \/>\n<meta property=\"article:modified_time\" content=\"2021-04-11T14:02:48+00:00\" \/>\n<meta property=\"og:image\" content=\"https:\/\/www.fondafotos.com\/wp-content\/uploads\/2019\/05\/mancha-windmills-tembleque.jpg\" \/>\n\t<meta property=\"og:image:width\" content=\"1500\" \/>\n\t<meta property=\"og:image:height\" content=\"1000\" \/>\n\t<meta property=\"og:image:type\" content=\"image\/jpeg\" \/>\n<meta name=\"twitter:card\" content=\"summary_large_image\" \/>\n<script type=\"application\/ld+json\" class=\"yoast-schema-graph\">{\"@context\":\"https:\\\/\\\/schema.org\",\"@graph\":[{\"@type\":\"WebPage\",\"@id\":\"https:\\\/\\\/www.fondafotos.com\\\/fr\\\/espagne\\\/\",\"url\":\"https:\\\/\\\/www.fondafotos.com\\\/fr\\\/espagne\\\/\",\"name\":\"Espagne - FondaFotos\",\"isPartOf\":{\"@id\":\"https:\\\/\\\/www.fondafotos.com\\\/fr\\\/?lang=fr\\\/#website\"},\"primaryImageOfPage\":{\"@id\":\"https:\\\/\\\/www.fondafotos.com\\\/fr\\\/espagne\\\/#primaryimage\"},\"image\":{\"@id\":\"https:\\\/\\\/www.fondafotos.com\\\/fr\\\/espagne\\\/#primaryimage\"},\"thumbnailUrl\":\"https:\\\/\\\/www.fondafotos.com\\\/wp-content\\\/uploads\\\/2019\\\/05\\\/mancha-windmills-tembleque.jpg\",\"datePublished\":\"2019-05-13T08:53:37+00:00\",\"dateModified\":\"2021-04-11T14:02:48+00:00\",\"description\":\"Introduction \u00e0 mes photos de paysage d'Espagne. Deux r\u00e9gions couvertes : la Manche et ses moulins, les Asturies avec sa c\u00f4te rocheuse.\",\"breadcrumb\":{\"@id\":\"https:\\\/\\\/www.fondafotos.com\\\/fr\\\/espagne\\\/#breadcrumb\"},\"inLanguage\":\"fr-FR\",\"potentialAction\":[{\"@type\":\"ReadAction\",\"target\":[\"https:\\\/\\\/www.fondafotos.com\\\/fr\\\/espagne\\\/\"]}]},{\"@type\":\"ImageObject\",\"inLanguage\":\"fr-FR\",\"@id\":\"https:\\\/\\\/www.fondafotos.com\\\/fr\\\/espagne\\\/#primaryimage\",\"url\":\"https:\\\/\\\/www.fondafotos.com\\\/wp-content\\\/uploads\\\/2019\\\/05\\\/mancha-windmills-tembleque.jpg\",\"contentUrl\":\"https:\\\/\\\/www.fondafotos.com\\\/wp-content\\\/uploads\\\/2019\\\/05\\\/mancha-windmills-tembleque.jpg\",\"width\":1500,\"height\":1000,\"caption\":\"Moulins de la La Manche, Espagne\"},{\"@type\":\"BreadcrumbList\",\"@id\":\"https:\\\/\\\/www.fondafotos.com\\\/fr\\\/espagne\\\/#breadcrumb\",\"itemListElement\":[{\"@type\":\"ListItem\",\"position\":1,\"name\":\"Home\",\"item\":\"https:\\\/\\\/www.fondafotos.com\\\/fr\\\/?lang=fr\"},{\"@type\":\"ListItem\",\"position\":2,\"name\":\"Espagne\"}]},{\"@type\":\"WebSite\",\"@id\":\"https:\\\/\\\/www.fondafotos.com\\\/fr\\\/?lang=fr\\\/#website\",\"url\":\"https:\\\/\\\/www.fondafotos.com\\\/fr\\\/?lang=fr\\\/\",\"name\":\"FondaFotos\",\"description\":\"Voyager c&#039;est apprendre, photographier c&#039;est raconter\",\"publisher\":{\"@id\":\"https:\\\/\\\/www.fondafotos.com\\\/fr\\\/?lang=fr\\\/#\\\/schema\\\/person\\\/6cc6e79d39ed8bca6139daa4717e2f98\"},\"potentialAction\":[{\"@type\":\"SearchAction\",\"target\":{\"@type\":\"EntryPoint\",\"urlTemplate\":\"https:\\\/\\\/www.fondafotos.com\\\/fr\\\/?lang=fr\\\/?s={search_term_string}\"},\"query-input\":{\"@type\":\"PropertyValueSpecification\",\"valueRequired\":true,\"valueName\":\"search_term_string\"}}],\"inLanguage\":\"fr-FR\"},{\"@type\":[\"Person\",\"Organization\"],\"@id\":\"https:\\\/\\\/www.fondafotos.com\\\/fr\\\/?lang=fr\\\/#\\\/schema\\\/person\\\/6cc6e79d39ed8bca6139daa4717e2f98\",\"name\":\"Fonda61\",\"image\":{\"@type\":\"ImageObject\",\"inLanguage\":\"fr-FR\",\"@id\":\"https:\\\/\\\/secure.gravatar.com\\\/avatar\\\/943d04124829b79fd000e726d321b8797cae73d3e358b3b48ae11c554415174d?s=96&d=mm&r=g\",\"url\":\"https:\\\/\\\/secure.gravatar.com\\\/avatar\\\/943d04124829b79fd000e726d321b8797cae73d3e358b3b48ae11c554415174d?s=96&d=mm&r=g\",\"contentUrl\":\"https:\\\/\\\/secure.gravatar.com\\\/avatar\\\/943d04124829b79fd000e726d321b8797cae73d3e358b3b48ae11c554415174d?s=96&d=mm&r=g\",\"caption\":\"Fonda61\"},\"logo\":{\"@id\":\"https:\\\/\\\/secure.gravatar.com\\\/avatar\\\/943d04124829b79fd000e726d321b8797cae73d3e358b3b48ae11c554415174d?s=96&d=mm&r=g\"}}]}<\/script>\n<!-- \/ Yoast SEO plugin. -->","yoast_head_json":{"title":"Espagne - FondaFotos","description":"Introduction \u00e0 mes photos de paysage d'Espagne. Deux r\u00e9gions couvertes : la Manche et ses moulins, les Asturies avec sa c\u00f4te rocheuse.","robots":{"index":"index","follow":"follow","max-snippet":"max-snippet:-1","max-image-preview":"max-image-preview:large","max-video-preview":"max-video-preview:-1"},"canonical":"https:\/\/www.fondafotos.com\/fr\/espagne\/","og_locale":"fr_FR","og_type":"article","og_title":"Espagne - FondaFotos","og_description":"Introduction \u00e0 mes photos de paysage d'Espagne. Deux r\u00e9gions couvertes : la Manche et ses moulins, les Asturies avec sa c\u00f4te rocheuse.","og_url":"https:\/\/www.fondafotos.com\/fr\/espagne\/","og_site_name":"FondaFotos","article_modified_time":"2021-04-11T14:02:48+00:00","og_image":[{"width":1500,"height":1000,"url":"https:\/\/www.fondafotos.com\/wp-content\/uploads\/2019\/05\/mancha-windmills-tembleque.jpg","type":"image\/jpeg"}],"twitter_card":"summary_large_image","schema":{"@context":"https:\/\/schema.org","@graph":[{"@type":"WebPage","@id":"https:\/\/www.fondafotos.com\/fr\/espagne\/","url":"https:\/\/www.fondafotos.com\/fr\/espagne\/","name":"Espagne - FondaFotos","isPartOf":{"@id":"https:\/\/www.fondafotos.com\/fr\/?lang=fr\/#website"},"primaryImageOfPage":{"@id":"https:\/\/www.fondafotos.com\/fr\/espagne\/#primaryimage"},"image":{"@id":"https:\/\/www.fondafotos.com\/fr\/espagne\/#primaryimage"},"thumbnailUrl":"https:\/\/www.fondafotos.com\/wp-content\/uploads\/2019\/05\/mancha-windmills-tembleque.jpg","datePublished":"2019-05-13T08:53:37+00:00","dateModified":"2021-04-11T14:02:48+00:00","description":"Introduction \u00e0 mes photos de paysage d'Espagne. Deux r\u00e9gions couvertes : la Manche et ses moulins, les Asturies avec sa c\u00f4te rocheuse.","breadcrumb":{"@id":"https:\/\/www.fondafotos.com\/fr\/espagne\/#breadcrumb"},"inLanguage":"fr-FR","potentialAction":[{"@type":"ReadAction","target":["https:\/\/www.fondafotos.com\/fr\/espagne\/"]}]},{"@type":"ImageObject","inLanguage":"fr-FR","@id":"https:\/\/www.fondafotos.com\/fr\/espagne\/#primaryimage","url":"https:\/\/www.fondafotos.com\/wp-content\/uploads\/2019\/05\/mancha-windmills-tembleque.jpg","contentUrl":"https:\/\/www.fondafotos.com\/wp-content\/uploads\/2019\/05\/mancha-windmills-tembleque.jpg","width":1500,"height":1000,"caption":"Moulins de la La Manche, Espagne"},{"@type":"BreadcrumbList","@id":"https:\/\/www.fondafotos.com\/fr\/espagne\/#breadcrumb","itemListElement":[{"@type":"ListItem","position":1,"name":"Home","item":"https:\/\/www.fondafotos.com\/fr\/?lang=fr"},{"@type":"ListItem","position":2,"name":"Espagne"}]},{"@type":"WebSite","@id":"https:\/\/www.fondafotos.com\/fr\/?lang=fr\/#website","url":"https:\/\/www.fondafotos.com\/fr\/?lang=fr\/","name":"FondaFotos","description":"Voyager c&#039;est apprendre, photographier c&#039;est raconter","publisher":{"@id":"https:\/\/www.fondafotos.com\/fr\/?lang=fr\/#\/schema\/person\/6cc6e79d39ed8bca6139daa4717e2f98"},"potentialAction":[{"@type":"SearchAction","target":{"@type":"EntryPoint","urlTemplate":"https:\/\/www.fondafotos.com\/fr\/?lang=fr\/?s={search_term_string}"},"query-input":{"@type":"PropertyValueSpecification","valueRequired":true,"valueName":"search_term_string"}}],"inLanguage":"fr-FR"},{"@type":["Person","Organization"],"@id":"https:\/\/www.fondafotos.com\/fr\/?lang=fr\/#\/schema\/person\/6cc6e79d39ed8bca6139daa4717e2f98","name":"Fonda61","image":{"@type":"ImageObject","inLanguage":"fr-FR","@id":"https:\/\/secure.gravatar.com\/avatar\/943d04124829b79fd000e726d321b8797cae73d3e358b3b48ae11c554415174d?s=96&d=mm&r=g","url":"https:\/\/secure.gravatar.com\/avatar\/943d04124829b79fd000e726d321b8797cae73d3e358b3b48ae11c554415174d?s=96&d=mm&r=g","contentUrl":"https:\/\/secure.gravatar.com\/avatar\/943d04124829b79fd000e726d321b8797cae73d3e358b3b48ae11c554415174d?s=96&d=mm&r=g","caption":"Fonda61"},"logo":{"@id":"https:\/\/secure.gravatar.com\/avatar\/943d04124829b79fd000e726d321b8797cae73d3e358b3b48ae11c554415174d?s=96&d=mm&r=g"}}]}},"jetpack_sharing_enabled":true,"_links":{"self":[{"href":"https:\/\/www.fondafotos.com\/fr\/wp-json\/wp\/v2\/pages\/7722","targetHints":{"allow":["GET"]}}],"collection":[{"href":"https:\/\/www.fondafotos.com\/fr\/wp-json\/wp\/v2\/pages"}],"about":[{"href":"https:\/\/www.fondafotos.com\/fr\/wp-json\/wp\/v2\/types\/page"}],"author":[{"embeddable":true,"href":"https:\/\/www.fondafotos.com\/fr\/wp-json\/wp\/v2\/users\/3"}],"replies":[{"embeddable":true,"href":"https:\/\/www.fondafotos.com\/fr\/wp-json\/wp\/v2\/comments?post=7722"}],"version-history":[{"count":0,"href":"https:\/\/www.fondafotos.com\/fr\/wp-json\/wp\/v2\/pages\/7722\/revisions"}],"wp:featuredmedia":[{"embeddable":true,"href":"https:\/\/www.fondafotos.com\/fr\/wp-json\/wp\/v2\/media\/9968"}],"wp:attachment":[{"href":"https:\/\/www.fondafotos.com\/fr\/wp-json\/wp\/v2\/media?parent=7722"}],"curies":[{"name":"wp","href":"https:\/\/api.w.org\/{rel}","templated":true}]}}