{"id":9884,"date":"2019-05-17T22:08:00","date_gmt":"2019-05-17T21:08:00","guid":{"rendered":"https:\/\/fondafotos.com\/page-de-contact\/"},"modified":"2019-06-16T08:02:06","modified_gmt":"2019-06-16T06:02:06","slug":"page-de-contact","status":"publish","type":"page","link":"https:\/\/www.fondafotos.com\/fr\/page-de-contact\/","title":{"rendered":"Page de contact"},"content":{"rendered":"\t\t<div data-elementor-type=\"wp-post\" data-elementor-id=\"9884\" class=\"elementor elementor-9884 elementor-6741\">\n\t\t\t\t\t\t<section class=\"elementor-section elementor-top-section elementor-element elementor-element-24cd551 elementor-section-boxed elementor-section-height-default elementor-section-height-default\" data-id=\"24cd551\" data-element_type=\"section\" data-e-type=\"section\">\n\t\t\t\t\t\t<div class=\"elementor-container elementor-column-gap-default\">\n\t\t\t\t\t<div class=\"elementor-column elementor-col-100 elementor-top-column elementor-element elementor-element-bf191d2\" data-id=\"bf191d2\" data-element_type=\"column\" data-e-type=\"column\">\n\t\t\t<div class=\"elementor-widget-wrap elementor-element-populated\">\n\t\t\t\t\t\t<div class=\"elementor-element elementor-element-8c1489b elementor-widget elementor-widget-spacer\" data-id=\"8c1489b\" data-element_type=\"widget\" data-e-type=\"widget\" data-widget_type=\"spacer.default\">\n\t\t\t\t<div class=\"elementor-widget-container\">\n\t\t\t\t\t\t\t<div class=\"elementor-spacer\">\n\t\t\t<div class=\"elementor-spacer-inner\"><\/div>\n\t\t<\/div>\n\t\t\t\t\t\t<\/div>\n\t\t\t\t<\/div>\n\t\t\t\t<section class=\"elementor-section elementor-inner-section elementor-element elementor-element-b951435 elementor-section-boxed elementor-section-height-default elementor-section-height-default\" data-id=\"b951435\" data-element_type=\"section\" data-e-type=\"section\" data-settings=\"{&quot;background_background&quot;:&quot;classic&quot;}\">\n\t\t\t\t\t\t<div class=\"elementor-container elementor-column-gap-default\">\n\t\t\t\t\t<div class=\"elementor-column elementor-col-50 elementor-inner-column elementor-element elementor-element-7207c5e\" data-id=\"7207c5e\" data-element_type=\"column\" data-e-type=\"column\" data-settings=\"{&quot;background_background&quot;:&quot;classic&quot;}\">\n\t\t\t<div class=\"elementor-widget-wrap elementor-element-populated\">\n\t\t\t\t\t<div class=\"elementor-background-overlay\"><\/div>\n\t\t\t\t\t\t<div class=\"elementor-element elementor-element-c20176d elementor-widget elementor-widget-text-editor\" data-id=\"c20176d\" data-element_type=\"widget\" data-e-type=\"widget\" data-widget_type=\"text-editor.default\">\n\t\t\t\t<div class=\"elementor-widget-container\">\n\t\t\t\t\t\t\t\t\t<p>Carte de visite<\/p>\n\t\t\t\t\t\t\t\t<\/div>\n\t\t\t\t<\/div>\n\t\t\t\t<div class=\"elementor-element elementor-element-c756937 elementor-widget elementor-widget-spacer\" data-id=\"c756937\" data-element_type=\"widget\" data-e-type=\"widget\" data-widget_type=\"spacer.default\">\n\t\t\t\t<div class=\"elementor-widget-container\">\n\t\t\t\t\t\t\t<div class=\"elementor-spacer\">\n\t\t\t<div class=\"elementor-spacer-inner\"><\/div>\n\t\t<\/div>\n\t\t\t\t\t\t<\/div>\n\t\t\t\t<\/div>\n\t\t\t\t<div class=\"elementor-element elementor-element-a03d87d elementor-widget elementor-widget-text-editor\" data-id=\"a03d87d\" data-element_type=\"widget\" data-e-type=\"widget\" data-widget_type=\"text-editor.default\">\n\t\t\t\t<div class=\"elementor-widget-container\">\n\t\t\t\t\t\t\t\t\t<p>Je suis photographe amateur install\u00e9 \u00e0 Paris. Toujours pr\u00eat \u00e0 m&rsquo;\u00e9chapper de cette ville pour profiter des grands espaces en France, en Europe ou sur d&rsquo;autres continents, sans jamais oublier mon sac-photo.<\/p>\n<p>J&rsquo;ai cr\u00e9\u00e9 un premier site web, Fondaphotos, en mai 2014 afin de publier mes photos de paysage pour les amis et visiteurs du monde entier. Vous regardez une nouvelle version du site mise en ligne en mai 2019. Les photos sont en cours de transfert mais du contenu tout neuf est d\u00e8s \u00e0 pr\u00e9sent disponible.<\/p>\n<p>J\u2019esp\u00e8re que ce nouveau site vous plaira. N&rsquo;h\u00e9sitez pas \u00e0 le partager avec vos amis !<\/p>\n\t\t\t\t\t\t\t\t<\/div>\n\t\t\t\t<\/div>\n\t\t\t\t\t<\/div>\n\t\t<\/div>\n\t\t\t\t<div class=\"elementor-column elementor-col-50 elementor-inner-column elementor-element elementor-element-0422ada\" data-id=\"0422ada\" data-element_type=\"column\" data-e-type=\"column\">\n\t\t\t<div class=\"elementor-widget-wrap elementor-element-populated\">\n\t\t\t\t\t\t<div class=\"elementor-element elementor-element-7c000e5 elementor-widget elementor-widget-text-editor\" data-id=\"7c000e5\" data-element_type=\"widget\" data-e-type=\"widget\" data-widget_type=\"text-editor.default\">\n\t\t\t\t<div class=\"elementor-widget-container\">\n\t\t\t\t\t\t\t\t\t<p>Contact<\/p>\n\t\t\t\t\t\t\t\t<\/div>\n\t\t\t\t<\/div>\n\t\t\t\t<div class=\"elementor-element elementor-element-2ac65f5 elementor-widget elementor-widget-spacer\" data-id=\"2ac65f5\" data-element_type=\"widget\" data-e-type=\"widget\" data-widget_type=\"spacer.default\">\n\t\t\t\t<div class=\"elementor-widget-container\">\n\t\t\t\t\t\t\t<div class=\"elementor-spacer\">\n\t\t\t<div class=\"elementor-spacer-inner\"><\/div>\n\t\t<\/div>\n\t\t\t\t\t\t<\/div>\n\t\t\t\t<\/div>\n\t\t\t\t<div class=\"elementor-element elementor-element-539639d input-border-style-default input-icons-default elementor-widget elementor-widget-contactform\" data-id=\"539639d\" data-element_type=\"widget\" data-e-type=\"widget\" data-widget_type=\"contactform.default\">\n\t\t\t\t<div class=\"elementor-widget-container\">\n\t\t\t\t\t\t\t<div class=\"mtheme-contact-form-container\">\n\t\t\t\n<div class=\"wpcf7 no-js\" id=\"wpcf7-f9887-o1\" lang=\"fr-FR\" dir=\"ltr\" data-wpcf7-id=\"9887\">\n<div class=\"screen-reader-response\"><p role=\"status\" aria-live=\"polite\" aria-atomic=\"true\"><\/p> <ul><\/ul><\/div>\n<form action=\"\/fr\/wp-json\/wp\/v2\/pages\/9884#wpcf7-f9887-o1\" method=\"post\" class=\"wpcf7-form init\" aria-label=\"Formulaire de contact\" novalidate=\"novalidate\" data-status=\"init\">\n<fieldset class=\"hidden-fields-container\"><input type=\"hidden\" name=\"_wpcf7\" value=\"9887\" \/><input type=\"hidden\" name=\"_wpcf7_version\" value=\"6.1.5\" \/><input type=\"hidden\" name=\"_wpcf7_locale\" value=\"fr_FR\" \/><input type=\"hidden\" name=\"_wpcf7_unit_tag\" value=\"wpcf7-f9887-o1\" \/><input type=\"hidden\" name=\"_wpcf7_container_post\" value=\"0\" \/><input type=\"hidden\" name=\"_wpcf7_posted_data_hash\" value=\"\" \/>\n<\/fieldset>\n<div class=\"two-fields clearfix\">\n\t<div class=\"mtheme-form-field\">\n\t\t<p><i class=\"ion-ios-contact-outline\"><\/i><span class=\"wpcf7-form-control-wrap\" data-name=\"first-name\"><input size=\"40\" maxlength=\"400\" class=\"wpcf7-form-control wpcf7-text wpcf7-validates-as-required\" aria-required=\"true\" aria-invalid=\"false\" placeholder=\"Pr\u00e9nom (requis)\" value=\"\" type=\"text\" name=\"first-name\" \/><\/span>\n\t\t<\/p>\n\t<\/div>\n\t<div class=\"mtheme-form-field\">\n\t\t<p><i class=\"ion-ios-contact-outline\"><\/i><span class=\"wpcf7-form-control-wrap\" data-name=\"last-name\"><input size=\"40\" maxlength=\"400\" class=\"wpcf7-form-control wpcf7-text wpcf7-validates-as-required\" aria-required=\"true\" aria-invalid=\"false\" placeholder=\"Nom (requis)\" value=\"\" type=\"text\" name=\"last-name\" \/><\/span>\n\t\t<\/p>\n\t<\/div>\n<\/div>\n<div class=\"two-fields clearfix\">\n\t<div class=\"mtheme-form-field\">\n\t\t<p><i class=\"ion-ios-email\"><\/i><span class=\"wpcf7-form-control-wrap\" data-name=\"your-email\"><input size=\"40\" maxlength=\"400\" class=\"wpcf7-form-control wpcf7-email wpcf7-validates-as-required wpcf7-text wpcf7-validates-as-email\" aria-required=\"true\" aria-invalid=\"false\" placeholder=\"Votre Email (requis)\" value=\"\" type=\"email\" name=\"your-email\" \/><\/span>\n\t\t<\/p>\n\t<\/div>\n\t<div class=\"mtheme-form-field\">\n\t\t<p><i class=\"ion-ios-telephone\"><\/i><span class=\"wpcf7-form-control-wrap\" data-name=\"your-phone\"><input size=\"40\" maxlength=\"400\" class=\"wpcf7-form-control wpcf7-text\" aria-invalid=\"false\" placeholder=\"T\u00e9l\u00e9phone\" value=\"\" type=\"text\" name=\"your-phone\" \/><\/span>\n\t\t<\/p>\n\t<\/div>\n<\/div>\n<div class=\"single-field\">\n\t<div class=\"mtheme-form-field\">\n\t\t<p><i class=\"ion-ios-compose\"><\/i><span class=\"wpcf7-form-control-wrap\" data-name=\"your-subject\"><input size=\"40\" maxlength=\"400\" class=\"wpcf7-form-control wpcf7-text\" aria-invalid=\"false\" placeholder=\"Objet\" value=\"\" type=\"text\" name=\"your-subject\" \/><\/span>\n\t\t<\/p>\n\t<\/div>\n<\/div>\n<div class=\"single-field\">\n\t<div class=\"mtheme-form-field\">\n\t\t<p><i class=\"ion-ios-compose\"><\/i><span class=\"wpcf7-form-control-wrap\" data-name=\"your-message\"><textarea cols=\"40\" rows=\"10\" maxlength=\"2000\" class=\"wpcf7-form-control wpcf7-textarea\" aria-invalid=\"false\" placeholder=\"Votre message\" name=\"your-message\"><\/textarea><\/span>\n\t\t<\/p>\n\t<\/div>\n<\/div>\n<p><input class=\"wpcf7-form-control wpcf7-submit has-spinner\" type=\"submit\" value=\"Envoi\" \/>\n<\/p><p style=\"display: none !important;\" class=\"akismet-fields-container\" data-prefix=\"_wpcf7_ak_\"><label>&#916;<textarea name=\"_wpcf7_ak_hp_textarea\" cols=\"45\" rows=\"8\" maxlength=\"100\"><\/textarea><\/label><input type=\"hidden\" id=\"ak_js_1\" name=\"_wpcf7_ak_js\" value=\"52\"\/><script>document.getElementById( \"ak_js_1\" ).setAttribute( \"value\", ( new Date() ).getTime() );<\/script><\/p><div class=\"wpcf7-response-output\" aria-hidden=\"true\"><\/div>\n<\/form>\n<\/div>\n\t\t<\/div>\n\t\t\t\t\t\t<\/div>\n\t\t\t\t<\/div>\n\t\t\t\t\t<\/div>\n\t\t<\/div>\n\t\t\t\t\t<\/div>\n\t\t<\/section>\n\t\t\t\t<div class=\"elementor-element elementor-element-d706cbb elementor-widget elementor-widget-spacer\" data-id=\"d706cbb\" data-element_type=\"widget\" data-e-type=\"widget\" data-widget_type=\"spacer.default\">\n\t\t\t\t<div class=\"elementor-widget-container\">\n\t\t\t\t\t\t\t<div class=\"elementor-spacer\">\n\t\t\t<div class=\"elementor-spacer-inner\"><\/div>\n\t\t<\/div>\n\t\t\t\t\t\t<\/div>\n\t\t\t\t<\/div>\n\t\t\t\t\t<\/div>\n\t\t<\/div>\n\t\t\t\t\t<\/div>\n\t\t<\/section>\n\t\t\t\t<\/div>\n\t\t","protected":false},"excerpt":{"rendered":"<p>Carte de visite Je suis photographe amateur install\u00e9 \u00e0 Paris. Toujours pr\u00eat \u00e0 m&rsquo;\u00e9chapper de cette ville pour profiter des grands espaces en France, en Europe ou sur d&rsquo;autres continents, sans jamais oublier mon sac-photo. J&rsquo;ai cr\u00e9\u00e9 un premier site web, Fondaphotos, en mai 2014 afin de publier mes photos de paysage pour les amis et visiteurs du monde entier. Vous regardez une nouvelle version du site mise en ligne en mai 2019. Les photos sont en cours de transfert [&hellip;]<\/p>\n","protected":false},"author":3,"featured_media":0,"parent":0,"menu_order":0,"comment_status":"closed","ping_status":"closed","template":"","meta":{"footnotes":""},"class_list":["post-9884","page","type-page","status-publish","hentry"],"yoast_head":"<!-- This site is optimized with the Yoast SEO plugin v27.4 - https:\/\/yoast.com\/product\/yoast-seo-wordpress\/ -->\n<title>Page de contact - FondaFotos<\/title>\n<meta name=\"robots\" content=\"index, follow, max-snippet:-1, max-image-preview:large, max-video-preview:-1\" \/>\n<link rel=\"canonical\" href=\"https:\/\/www.fondafotos.com\/fr\/page-de-contact\/\" \/>\n<meta property=\"og:locale\" content=\"fr_FR\" \/>\n<meta property=\"og:type\" content=\"article\" \/>\n<meta property=\"og:title\" content=\"Page de contact - FondaFotos\" \/>\n<meta property=\"og:description\" content=\"Carte de visite Je suis photographe amateur install\u00e9 \u00e0 Paris. Toujours pr\u00eat \u00e0 m&rsquo;\u00e9chapper de cette ville pour profiter des grands espaces en France, en Europe ou sur d&rsquo;autres continents, sans jamais oublier mon sac-photo. J&rsquo;ai cr\u00e9\u00e9 un premier site web, Fondaphotos, en mai 2014 afin de publier mes photos de paysage pour les amis et visiteurs du monde entier. Vous regardez une nouvelle version du site mise en ligne en mai 2019. Les photos sont en cours de transfert [&hellip;]\" \/>\n<meta property=\"og:url\" content=\"https:\/\/www.fondafotos.com\/fr\/page-de-contact\/\" \/>\n<meta property=\"og:site_name\" content=\"FondaFotos\" \/>\n<meta property=\"article:modified_time\" content=\"2019-06-16T06:02:06+00:00\" \/>\n<meta name=\"twitter:card\" content=\"summary_large_image\" \/>\n<meta name=\"twitter:label1\" content=\"Dur\u00e9e de lecture estim\u00e9e\" \/>\n\t<meta name=\"twitter:data1\" content=\"1 minute\" \/>\n<script type=\"application\/ld+json\" class=\"yoast-schema-graph\">{\"@context\":\"https:\\\/\\\/schema.org\",\"@graph\":[{\"@type\":\"WebPage\",\"@id\":\"https:\\\/\\\/www.fondafotos.com\\\/fr\\\/page-de-contact\\\/\",\"url\":\"https:\\\/\\\/www.fondafotos.com\\\/fr\\\/page-de-contact\\\/\",\"name\":\"Page de contact - FondaFotos\",\"isPartOf\":{\"@id\":\"https:\\\/\\\/www.fondafotos.com\\\/fr\\\/?lang=fr\\\/#website\"},\"datePublished\":\"2019-05-17T21:08:00+00:00\",\"dateModified\":\"2019-06-16T06:02:06+00:00\",\"breadcrumb\":{\"@id\":\"https:\\\/\\\/www.fondafotos.com\\\/fr\\\/page-de-contact\\\/#breadcrumb\"},\"inLanguage\":\"fr-FR\",\"potentialAction\":[{\"@type\":\"ReadAction\",\"target\":[\"https:\\\/\\\/www.fondafotos.com\\\/fr\\\/page-de-contact\\\/\"]}]},{\"@type\":\"BreadcrumbList\",\"@id\":\"https:\\\/\\\/www.fondafotos.com\\\/fr\\\/page-de-contact\\\/#breadcrumb\",\"itemListElement\":[{\"@type\":\"ListItem\",\"position\":1,\"name\":\"Home\",\"item\":\"https:\\\/\\\/www.fondafotos.com\\\/fr\\\/?lang=fr\"},{\"@type\":\"ListItem\",\"position\":2,\"name\":\"Page de contact\"}]},{\"@type\":\"WebSite\",\"@id\":\"https:\\\/\\\/www.fondafotos.com\\\/fr\\\/?lang=fr\\\/#website\",\"url\":\"https:\\\/\\\/www.fondafotos.com\\\/fr\\\/?lang=fr\\\/\",\"name\":\"FondaFotos\",\"description\":\"Voyager c&#039;est apprendre, photographier c&#039;est raconter\",\"publisher\":{\"@id\":\"https:\\\/\\\/www.fondafotos.com\\\/fr\\\/?lang=fr\\\/#\\\/schema\\\/person\\\/6cc6e79d39ed8bca6139daa4717e2f98\"},\"potentialAction\":[{\"@type\":\"SearchAction\",\"target\":{\"@type\":\"EntryPoint\",\"urlTemplate\":\"https:\\\/\\\/www.fondafotos.com\\\/fr\\\/?lang=fr\\\/?s={search_term_string}\"},\"query-input\":{\"@type\":\"PropertyValueSpecification\",\"valueRequired\":true,\"valueName\":\"search_term_string\"}}],\"inLanguage\":\"fr-FR\"},{\"@type\":[\"Person\",\"Organization\"],\"@id\":\"https:\\\/\\\/www.fondafotos.com\\\/fr\\\/?lang=fr\\\/#\\\/schema\\\/person\\\/6cc6e79d39ed8bca6139daa4717e2f98\",\"name\":\"Fonda61\",\"image\":{\"@type\":\"ImageObject\",\"inLanguage\":\"fr-FR\",\"@id\":\"https:\\\/\\\/secure.gravatar.com\\\/avatar\\\/943d04124829b79fd000e726d321b8797cae73d3e358b3b48ae11c554415174d?s=96&d=mm&r=g\",\"url\":\"https:\\\/\\\/secure.gravatar.com\\\/avatar\\\/943d04124829b79fd000e726d321b8797cae73d3e358b3b48ae11c554415174d?s=96&d=mm&r=g\",\"contentUrl\":\"https:\\\/\\\/secure.gravatar.com\\\/avatar\\\/943d04124829b79fd000e726d321b8797cae73d3e358b3b48ae11c554415174d?s=96&d=mm&r=g\",\"caption\":\"Fonda61\"},\"logo\":{\"@id\":\"https:\\\/\\\/secure.gravatar.com\\\/avatar\\\/943d04124829b79fd000e726d321b8797cae73d3e358b3b48ae11c554415174d?s=96&d=mm&r=g\"}}]}<\/script>\n<!-- \/ Yoast SEO plugin. -->","yoast_head_json":{"title":"Page de contact - FondaFotos","robots":{"index":"index","follow":"follow","max-snippet":"max-snippet:-1","max-image-preview":"max-image-preview:large","max-video-preview":"max-video-preview:-1"},"canonical":"https:\/\/www.fondafotos.com\/fr\/page-de-contact\/","og_locale":"fr_FR","og_type":"article","og_title":"Page de contact - FondaFotos","og_description":"Carte de visite Je suis photographe amateur install\u00e9 \u00e0 Paris. Toujours pr\u00eat \u00e0 m&rsquo;\u00e9chapper de cette ville pour profiter des grands espaces en France, en Europe ou sur d&rsquo;autres continents, sans jamais oublier mon sac-photo. J&rsquo;ai cr\u00e9\u00e9 un premier site web, Fondaphotos, en mai 2014 afin de publier mes photos de paysage pour les amis et visiteurs du monde entier. Vous regardez une nouvelle version du site mise en ligne en mai 2019. Les photos sont en cours de transfert [&hellip;]","og_url":"https:\/\/www.fondafotos.com\/fr\/page-de-contact\/","og_site_name":"FondaFotos","article_modified_time":"2019-06-16T06:02:06+00:00","twitter_card":"summary_large_image","twitter_misc":{"Dur\u00e9e de lecture estim\u00e9e":"1 minute"},"schema":{"@context":"https:\/\/schema.org","@graph":[{"@type":"WebPage","@id":"https:\/\/www.fondafotos.com\/fr\/page-de-contact\/","url":"https:\/\/www.fondafotos.com\/fr\/page-de-contact\/","name":"Page de contact - FondaFotos","isPartOf":{"@id":"https:\/\/www.fondafotos.com\/fr\/?lang=fr\/#website"},"datePublished":"2019-05-17T21:08:00+00:00","dateModified":"2019-06-16T06:02:06+00:00","breadcrumb":{"@id":"https:\/\/www.fondafotos.com\/fr\/page-de-contact\/#breadcrumb"},"inLanguage":"fr-FR","potentialAction":[{"@type":"ReadAction","target":["https:\/\/www.fondafotos.com\/fr\/page-de-contact\/"]}]},{"@type":"BreadcrumbList","@id":"https:\/\/www.fondafotos.com\/fr\/page-de-contact\/#breadcrumb","itemListElement":[{"@type":"ListItem","position":1,"name":"Home","item":"https:\/\/www.fondafotos.com\/fr\/?lang=fr"},{"@type":"ListItem","position":2,"name":"Page de contact"}]},{"@type":"WebSite","@id":"https:\/\/www.fondafotos.com\/fr\/?lang=fr\/#website","url":"https:\/\/www.fondafotos.com\/fr\/?lang=fr\/","name":"FondaFotos","description":"Voyager c&#039;est apprendre, photographier c&#039;est raconter","publisher":{"@id":"https:\/\/www.fondafotos.com\/fr\/?lang=fr\/#\/schema\/person\/6cc6e79d39ed8bca6139daa4717e2f98"},"potentialAction":[{"@type":"SearchAction","target":{"@type":"EntryPoint","urlTemplate":"https:\/\/www.fondafotos.com\/fr\/?lang=fr\/?s={search_term_string}"},"query-input":{"@type":"PropertyValueSpecification","valueRequired":true,"valueName":"search_term_string"}}],"inLanguage":"fr-FR"},{"@type":["Person","Organization"],"@id":"https:\/\/www.fondafotos.com\/fr\/?lang=fr\/#\/schema\/person\/6cc6e79d39ed8bca6139daa4717e2f98","name":"Fonda61","image":{"@type":"ImageObject","inLanguage":"fr-FR","@id":"https:\/\/secure.gravatar.com\/avatar\/943d04124829b79fd000e726d321b8797cae73d3e358b3b48ae11c554415174d?s=96&d=mm&r=g","url":"https:\/\/secure.gravatar.com\/avatar\/943d04124829b79fd000e726d321b8797cae73d3e358b3b48ae11c554415174d?s=96&d=mm&r=g","contentUrl":"https:\/\/secure.gravatar.com\/avatar\/943d04124829b79fd000e726d321b8797cae73d3e358b3b48ae11c554415174d?s=96&d=mm&r=g","caption":"Fonda61"},"logo":{"@id":"https:\/\/secure.gravatar.com\/avatar\/943d04124829b79fd000e726d321b8797cae73d3e358b3b48ae11c554415174d?s=96&d=mm&r=g"}}]}},"jetpack_sharing_enabled":true,"_links":{"self":[{"href":"https:\/\/www.fondafotos.com\/fr\/wp-json\/wp\/v2\/pages\/9884","targetHints":{"allow":["GET"]}}],"collection":[{"href":"https:\/\/www.fondafotos.com\/fr\/wp-json\/wp\/v2\/pages"}],"about":[{"href":"https:\/\/www.fondafotos.com\/fr\/wp-json\/wp\/v2\/types\/page"}],"author":[{"embeddable":true,"href":"https:\/\/www.fondafotos.com\/fr\/wp-json\/wp\/v2\/users\/3"}],"replies":[{"embeddable":true,"href":"https:\/\/www.fondafotos.com\/fr\/wp-json\/wp\/v2\/comments?post=9884"}],"version-history":[{"count":0,"href":"https:\/\/www.fondafotos.com\/fr\/wp-json\/wp\/v2\/pages\/9884\/revisions"}],"wp:attachment":[{"href":"https:\/\/www.fondafotos.com\/fr\/wp-json\/wp\/v2\/media?parent=9884"}],"curies":[{"name":"wp","href":"https:\/\/api.w.org\/{rel}","templated":true}]}}